{"id":859,"date":"2024-02-05T18:48:41","date_gmt":"2024-02-05T18:48:41","guid":{"rendered":"https:\/\/arganie.net\/?post_type=product&#038;p=859"},"modified":"2026-03-10T14:54:59","modified_gmt":"2026-03-10T14:54:59","slug":"argan-oil-culinary","status":"publish","type":"product","link":"https:\/\/arganie.net\/pl\/produkt\/argan-oil-culinary\/","title":{"rendered":"Argan Olej spo\u017cywczy- 250ml"},"content":{"rendered":"<h2><span dir=\"auto\" style=\"vertical-align: inherit;\"><span dir=\"auto\" style=\"vertical-align: inherit;\">Olej arganowy extra virgin do gotowania, certyfikowany przez Ecocert i USDA Organic<\/span><\/span><\/h2>\n<p><span dir=\"auto\" style=\"vertical-align: inherit;\"><span dir=\"auto\" style=\"vertical-align: inherit;\">Ten zdrowy olej ro\u015blinny jest bogaty w nienasycone kwasy t\u0142uszczowe (a\u017c 82%, co stanowi najwy\u017cszy odsetek w\u015br\u00f3d wi\u0119kszo\u015bci olej\u00f3w ro\u015blinnych) &#8211; Omega 6+9 (kwas oleinowy i linolowy) oraz witamin\u0119 E. Obni\u017ca poziom z\u0142ego cholesterolu i jest bogaty w przeciwutleniacze.<\/span><\/span><\/p>\n<p><span dir=\"auto\" style=\"vertical-align: inherit;\"><span dir=\"auto\" style=\"vertical-align: inherit;\">Co najwa\u017cniejsze, smakuje wy\u015bmienicie! Olej arganowy ma orzechowy smak, kt\u00f3ry przyci\u0105gn\u0105\u0142 uwag\u0119 szef\u00f3w kuchni na ca\u0142ym \u015bwiecie.<\/span><\/span><\/p>\n<p><span dir=\"auto\" style=\"vertical-align: inherit;\"><span dir=\"auto\" style=\"vertical-align: inherit;\">Mo\u017cna go u\u017cywa\u0107 jako oleju wyko\u0144czeniowego do polewania ryb, warzyw, zup i makaron\u00f3w.<\/span><\/span><\/p>\n<p><span dir=\"auto\" style=\"vertical-align: inherit;\"><span dir=\"auto\" style=\"vertical-align: inherit;\">W Maroku spo\u017cywa si\u0119 go po prostu z chlebem i \u015bwietnie sprawdza si\u0119 w sosach sa\u0142atkowych.<\/span><\/span><\/p>\n<p><span dir=\"auto\" style=\"vertical-align: inherit;\"><span dir=\"auto\" style=\"vertical-align: inherit;\">Proces produkcji nadal ma charakter rzemie\u015blniczy \u2014 r\u0119cznie kruszone orzechy arganowe s\u0105 pra\u017cone i t\u0142oczone w celu wydobycia oleju.<\/span><\/span><\/p>","protected":false},"excerpt":{"rendered":"<p>&nbsp;<\/p>\n<p>&nbsp;<\/p>","protected":false},"featured_media":992,"comment_status":"open","ping_status":"closed","template":"","meta":{"_gspb_post_css":""},"product_brand":[],"product_cat":[66],"product_tag":[],"class_list":{"0":"post-859","1":"product","2":"type-product","3":"status-publish","4":"has-post-thumbnail","6":"product_cat-food","8":"first","9":"instock","10":"shipping-taxable","11":"purchasable","12":"product-type-simple"},"_links":{"self":[{"href":"https:\/\/arganie.net\/pl\/wp-json\/wp\/v2\/product\/859","targetHints":{"allow":["GET"]}}],"collection":[{"href":"https:\/\/arganie.net\/pl\/wp-json\/wp\/v2\/product"}],"about":[{"href":"https:\/\/arganie.net\/pl\/wp-json\/wp\/v2\/types\/product"}],"replies":[{"embeddable":true,"href":"https:\/\/arganie.net\/pl\/wp-json\/wp\/v2\/comments?post=859"}],"wp:featuredmedia":[{"embeddable":true,"href":"https:\/\/arganie.net\/pl\/wp-json\/wp\/v2\/media\/992"}],"wp:attachment":[{"href":"https:\/\/arganie.net\/pl\/wp-json\/wp\/v2\/media?parent=859"}],"wp:term":[{"taxonomy":"product_brand","embeddable":true,"href":"https:\/\/arganie.net\/pl\/wp-json\/wp\/v2\/product_brand?post=859"},{"taxonomy":"product_cat","embeddable":true,"href":"https:\/\/arganie.net\/pl\/wp-json\/wp\/v2\/product_cat?post=859"},{"taxonomy":"product_tag","embeddable":true,"href":"https:\/\/arganie.net\/pl\/wp-json\/wp\/v2\/product_tag?post=859"}],"curies":[{"name":"wp","href":"https:\/\/api.w.org\/{rel}","templated":true}]}}