{"id":553,"date":"2024-01-04T22:01:42","date_gmt":"2024-01-04T22:01:42","guid":{"rendered":"https:\/\/arganie.divoti.pl\/?post_type=product&#038;p=553"},"modified":"2026-04-03T16:07:30","modified_gmt":"2026-04-03T16:07:30","slug":"body-bath-diffuser-oil-perfumes-15ml","status":"publish","type":"product","link":"https:\/\/arganie.net\/pl\/produkt\/body-bath-diffuser-oil-perfumes-15ml\/","title":{"rendered":"Perfumy w olejkach do cia\u0142a, k\u0105pieli\u00a0i\u00a0dyfuzora \u2013 15ml"},"content":{"rendered":"<h2>Perfumy olejkowe do cia\u0142a, k\u0105pieli i dyfuzora<\/h2>\n<p>Odkryj kolekcj\u0119 naturalnych olejk\u00f3w perfumowanych opartych na olejkach eterycznych, ekstraktach ro\u015blinnych i naturalnych olejach no\u015bnikowych.<\/p>\n<p>Ma\u0142e szklane buteleczki z zakraplaczem s\u0105 idealne do r\u00f3\u017cnorodnego u\u017cytku tych naturalnych zapach\u00f3w. Mog\u0105 by\u0107 aplikowane na nadgarstki i szyj\u0119, ale mo\u017cna r\u00f3wnie\u017c doda\u0107 kilka kropli do ulubionego oleju i u\u017cy\u0107 go jako balsamu do cia\u0142a lub olejku do masa\u017cu. Zapachy s\u0105 doskona\u0142ym pomys\u0142em na aromatyczn\u0105 k\u0105piel (doda\u0107 kilka kropli do wody) oraz do stworzenia relaksuj\u0105cej atmosfery w domu, umieszczaj\u0105c je w dyfuzorze.<\/p>\n<p>Te orientalne olejki perfumowane mog\u0105 sta\u0107 si\u0119 twoimi ulubionymi zapachami na co dzie\u0144.<\/p>","protected":false},"excerpt":{"rendered":"<p>Body, Bath, and Diffuser Oil Perfumes Discover a collection of natural perfume oils based on essential oils, plant extracts and natural carrier oils. Small glass bottles with a dropper are ideal for diverse use of these natural fragrances. It can be applied to wrists and neck but as well you can add few drops to [&hellip;]<\/p>\n","protected":false},"featured_media":299,"comment_status":"open","ping_status":"closed","template":"","meta":{"_gspb_post_css":""},"product_brand":[],"product_cat":[15],"product_tag":[],"class_list":{"0":"post-553","1":"product","2":"type-product","3":"status-publish","4":"has-post-thumbnail","6":"product_cat-natural-cosmetics","8":"first","9":"instock","10":"shipping-taxable","11":"purchasable","12":"product-type-variable"},"_links":{"self":[{"href":"https:\/\/arganie.net\/pl\/wp-json\/wp\/v2\/product\/553","targetHints":{"allow":["GET"]}}],"collection":[{"href":"https:\/\/arganie.net\/pl\/wp-json\/wp\/v2\/product"}],"about":[{"href":"https:\/\/arganie.net\/pl\/wp-json\/wp\/v2\/types\/product"}],"replies":[{"embeddable":true,"href":"https:\/\/arganie.net\/pl\/wp-json\/wp\/v2\/comments?post=553"}],"wp:featuredmedia":[{"embeddable":true,"href":"https:\/\/arganie.net\/pl\/wp-json\/wp\/v2\/media\/299"}],"wp:attachment":[{"href":"https:\/\/arganie.net\/pl\/wp-json\/wp\/v2\/media?parent=553"}],"wp:term":[{"taxonomy":"product_brand","embeddable":true,"href":"https:\/\/arganie.net\/pl\/wp-json\/wp\/v2\/product_brand?post=553"},{"taxonomy":"product_cat","embeddable":true,"href":"https:\/\/arganie.net\/pl\/wp-json\/wp\/v2\/product_cat?post=553"},{"taxonomy":"product_tag","embeddable":true,"href":"https:\/\/arganie.net\/pl\/wp-json\/wp\/v2\/product_tag?post=553"}],"curies":[{"name":"wp","href":"https:\/\/api.w.org\/{rel}","templated":true}]}}