{"id":550,"date":"2023-12-20T20:48:00","date_gmt":"2023-12-20T20:48:00","guid":{"rendered":"https:\/\/arganie.divoti.pl\/?post_type=product&#038;p=550"},"modified":"2026-04-08T17:52:47","modified_gmt":"2026-04-08T17:52:47","slug":"cream-50ml","status":"publish","type":"product","link":"https:\/\/arganie.net\/pl\/produkt\/cream-50ml\/","title":{"rendered":"Krem do twarzy \u2013 50ml"},"content":{"rendered":"<h2>Natural Creams<\/h2>\n<p>R\u0119cznie robione naturalne kremy na bazie certyfikowanych olej\u00f3w do twarzy na dzie\u0144!<\/p>\n<p>Te bogate, a jednocze\u015bnie lekkie kremy s\u0105 odpowiednie dla wszystkich typ\u00f3w sk\u00f3ry, nawet tej najbardziej wra\u017cliwej.<\/p>\n<p>Nie zawieraj\u0105: paraben\u00f3w, silikon\u00f3w, syntetycznych barwnik\u00f3w i zapach\u00f3w czy innych sztucznych sk\u0142adnik\u00f3w.<\/p>\n<h3>Krem Arganowy<\/h3>\n<p>Liftinguje, nawil\u017ca i pozostawia sk\u00f3r\u0119 promienn\u0105. Stosowany codziennie, regeneruje i nadaje sk\u00f3rze blasku. Twoja twarz b\u0119dzie chroniona przed nieprzyjemnym wysuszeniem i ka\u017cdego dnia b\u0119dziesz cieszy\u0107 si\u0119 elastyczno\u015bci\u0105, witalno\u015bci\u0105 i \u015bwie\u017co\u015bci\u0105. Olej arganowy zawarty w kremie przeciwdzia\u0142a efektom starzenia. Przynosi ukojenie dla sk\u00f3ry i \u0142agodzi podra\u017cnienia.\n<br><br>\n<b>Olej arganowy<\/b> nazwany jest nie tylko p\u0142ynnym z\u0142otem ale i eliksirem m\u0142odo\u015bci. Przeciwdzia\u0142a degradacji kom\u00f3rek i zwalcza pierwsze oznaki starzenia. \nDodatkowa <b>Witamina E<\/b> to warto\u015bciowy antyoksydant, dog\u0142\u0119bnie nawil\u017ca sk\u00f3r\u0119 zwi\u0119kszaj\u0105c jej j\u0119drno\u015b\u0107 i spr\u0119\u017cysto\u015b\u0107. Jest r\u00f3wnie\u017c naturalnym konserwantem. \n<br><br>\n<b>Olej s\u0142onecznikowy<\/b> dzia\u0142a przeciwzapalnie, przeciwgrzybiczo i reguluje wydzielanie sebum.<\/p>\n<p>Idealny krem od\u017cywczy na dzie\u0144 dla os\u00f3b w r\u00f3\u017cnym wieku, r\u00f3wnie\u017c dla nastolatk\u00f3w.<\/p>\n<p><strong>Sk\u0142ad:<\/strong> aqua, argania spinosa, cetearyl wheat straw glycosides, cetearyl alcohol, benzyl alcohol, dehydroacetic acide, tocopherols, helianthus annus seed oil, xanthan gum, natural fragrance.<\/p>\n<h3>Krem z Opuncji Figowej<\/h3>\n<p>Ten krem oferuje nadzwyczajn\u0105 regeneracj\u0119 Twojej sk\u00f3ry. Gwarantuje odnow\u0119 kom\u00f3rkow\u0105. W rezultacie, redukuje zmarszczki i zapewnia ochron\u0119 przed wolnymi rodnikami. G\u0142\u0119boko nawil\u017ca, koi i uelastycznia. Od\u017cywia, regeneruje i restrukturyzuje delikatn\u0105 sk\u00f3r\u0119 twarzy. \n<br><br>\n<b>Olej z pestek opuncji figowej<\/b> posiada silne w\u0142a\u015bciwo\u015bci przeciwzmarszczkowe poniewa\u017c charakteryzuje si\u0119 du\u017c\u0105 zawarto\u015bci\u0105 witaminy E (wi\u0119ksz\u0105 ni\u017c w oleju arganowym).\n<br><br>\nDodatkowo w kremie r\u00f3wnie\u017c znajduje si\u0119 <b>olej arganowy, Witamina E i olej s\u0142onecznikowy. <\/b><\/p>\n<p>Jest to idealny krem od\u017cywczy i przeciwzmarszczkowy na dzie\u0144 dla cery dojrza\u0142ej.<\/p>\n<p><strong>Sk\u0142ad:<\/strong> aqua, argania spinosa, cetearyl wheat straw glycosides, cetearyl alcohol, benzyl alcohol, dehydroacetic acide, tocopherols, helianthus annus seed oil, xanthan gum, natural fragrance.<\/p>\n<h3>Krem R\u00f3\u017cany<\/h3>\n<p>Naturalny krem nawil\u017caj\u0105cy, kt\u00f3ry jest doskona\u0142y dla sk\u00f3ry wra\u017cliwej. R\u00f3\u017ca pomaga z\u0142agodzi\u0107 zaczerwienienia, podra\u017cnienia i tr\u0105dzik r\u00f3\u017cowaty, jednocze\u015bnie wspomagaj\u0105c odbudow\u0119 sk\u00f3ry. Prowadzi sk\u00f3r\u0119 do stanu komfortu, r\u00f3wnowagi i blasku. Zalecany dla cery naczynkowej. \n<br><br>\nKrem powsta\u0142y na bazie oleju arganowego posiada wszystkie jego cenne w\u0142a\u015bciwo\u015bci od\u017cywcze. Dodatkowo wzbogacony <b>Witamin\u0105 E<\/b> oraz <b>olejem s\u0142onecznikowym.<\/b>\n<br><br>\nKrem na dzie\u0144 dla os\u00f3b w r\u00f3\u017cnym wieku.<\/p>\n<p><strong>Sk\u0142ad:<\/strong> aqua, argania spinosa, cetearyl wheat straw glycosides, cetearyl alcohol, benzyl alcohol, dehydroacetic acide, tocopherols, helianthus annus seed oil, xanthan gum, rose oil, natural fragrance.<\/p>\n<h3>Krem z Kwiatu Pomara\u0144czy<\/h3>\n<p>Lekki krem do twarzy do cery t\u0142ustej, kt\u00f3ry od\u017cywia i chroni sk\u00f3r\u0119 bez uczuciem  ci\u0119\u017cko\u015bci, kontroluje przet\u0142uszczanie i minimalizuje pory. Od\u015bwie\u017ca, regeneruje i wyg\u0142adza sk\u00f3r\u0119. Zalecany jest r\u00f3wnie\u017c na przebarwienia. \n<br><br>\nKrem powsta\u0142y na bazie <b>oleju arganowego<\/b> posiada wszystkie jego cenne w\u0142a\u015bciwo\u015bci od\u017cywcze. Dodatkowo wzbogacony <b>Witamin\u0105 E<\/b> oraz <b>olejem s\u0142onecznikowym. <\/b>\n<br><br>\nKrem na dzie\u0144 dla os\u00f3b w r\u00f3\u017cnym wieku.<\/p>\n<p><strong>Sk\u0142ad:<\/strong> aqua, argania spinosa, cetearyl wheat straw glycosides, cetearyl alcohol, benzyl alcohol, dehydroacetic acide, tocopherols, helianthus annus seed oil, xanthan gum, orange blossom oil, natural fragrance.<\/p>","protected":false},"excerpt":{"rendered":"<p>Natural Creams Handmade Natural Day Creams for Face.\u00a0All creams are based on our certified oils. This rich yet light creams suit all skin types, even the most sensitive. FREE OF: Parabens, Sulfates and synthetic colorants. Argan Cream Lifts, moisturizes and leaves skin glowing. Used daily, it repairs and renews your skin. Effectively supported against the [&hellip;]<\/p>\n","protected":false},"featured_media":552,"comment_status":"open","ping_status":"closed","template":"","meta":{"_gspb_post_css":""},"product_brand":[],"product_cat":[15],"product_tag":[],"class_list":{"0":"post-550","1":"product","2":"type-product","3":"status-publish","4":"has-post-thumbnail","6":"product_cat-natural-cosmetics","8":"first","9":"instock","10":"shipping-taxable","11":"purchasable","12":"product-type-variable"},"_links":{"self":[{"href":"https:\/\/arganie.net\/pl\/wp-json\/wp\/v2\/product\/550","targetHints":{"allow":["GET"]}}],"collection":[{"href":"https:\/\/arganie.net\/pl\/wp-json\/wp\/v2\/product"}],"about":[{"href":"https:\/\/arganie.net\/pl\/wp-json\/wp\/v2\/types\/product"}],"replies":[{"embeddable":true,"href":"https:\/\/arganie.net\/pl\/wp-json\/wp\/v2\/comments?post=550"}],"wp:featuredmedia":[{"embeddable":true,"href":"https:\/\/arganie.net\/pl\/wp-json\/wp\/v2\/media\/552"}],"wp:attachment":[{"href":"https:\/\/arganie.net\/pl\/wp-json\/wp\/v2\/media?parent=550"}],"wp:term":[{"taxonomy":"product_brand","embeddable":true,"href":"https:\/\/arganie.net\/pl\/wp-json\/wp\/v2\/product_brand?post=550"},{"taxonomy":"product_cat","embeddable":true,"href":"https:\/\/arganie.net\/pl\/wp-json\/wp\/v2\/product_cat?post=550"},{"taxonomy":"product_tag","embeddable":true,"href":"https:\/\/arganie.net\/pl\/wp-json\/wp\/v2\/product_tag?post=550"}],"curies":[{"name":"wp","href":"https:\/\/api.w.org\/{rel}","templated":true}]}}