{"id":541,"date":"2024-01-04T19:55:26","date_gmt":"2024-01-04T19:55:26","guid":{"rendered":"https:\/\/arganie.divoti.pl\/?post_type=product&#038;p=541"},"modified":"2026-03-17T21:11:40","modified_gmt":"2026-03-17T21:11:40","slug":"natural-soaps-100g","status":"publish","type":"product","link":"https:\/\/arganie.net\/pl\/produkt\/natural-soaps-100g\/","title":{"rendered":"Myd\u0142a naturalne - 100g"},"content":{"rendered":"<h2>Myd\u0142a naturalne<\/h2>\n<p>R\u0119cznie robione myd\u0142a glicerynowe z olejem arganowym i pi\u0119knymi zapachami ja\u015bminu, kwiatu pomara\u0144czy, agaru oud i ambry.<\/p>\n<p>Myd\u0142a wyrabiane s\u0105 w naszej manufakturze wed\u0142ug niezmiennej od lat naturalnej receptury. Wytrzwamy je z najlepszej jako\u015bci gliceryny oraz certyfikowanego oleju arganowego.<\/p>\n<p>Kolorowe myd\u0142a o wspania\u0142ych zapachach umil\u0105 ka\u017cdy rytua\u0142 oczyszczaj\u0105cy.<\/p>\n<p>Spraw sobie rado\u015b\u0107 wybieraj\u0105c jedno z nich!<\/p>\n<p>Delikatnie oczyszczaj\u0105 Twoj\u0105 sk\u00f3r\u0119 oraz zabezpieczaj\u0105 przed wysuszeniem pozostawiaj\u0105c delikatny zapach.<\/p>\n<p>Zatroszcz\u0105 si\u0119 o ka\u017cdy rodzaj sk\u00f3ry.<\/p>","protected":false},"excerpt":{"rendered":"<p>Natural soaps Handmade glycerin soaps with argan oil and beautiful scents of jasmine, orange blossom, oud agar and amber. Soaps are made in our workshop according to a natural recipe that has remained unchanged for years. We create them from the best quality glycerin and certified argan oil. Colorful soaps with wonderful scents will make [&hellip;]<\/p>\n","protected":false},"featured_media":746,"comment_status":"open","ping_status":"closed","template":"","meta":{"_gspb_post_css":""},"product_brand":[],"product_cat":[15],"product_tag":[],"class_list":{"0":"post-541","1":"product","2":"type-product","3":"status-publish","4":"has-post-thumbnail","6":"product_cat-natural-cosmetics","8":"first","9":"instock","10":"shipping-taxable","11":"purchasable","12":"product-type-variable"},"_links":{"self":[{"href":"https:\/\/arganie.net\/pl\/wp-json\/wp\/v2\/product\/541","targetHints":{"allow":["GET"]}}],"collection":[{"href":"https:\/\/arganie.net\/pl\/wp-json\/wp\/v2\/product"}],"about":[{"href":"https:\/\/arganie.net\/pl\/wp-json\/wp\/v2\/types\/product"}],"replies":[{"embeddable":true,"href":"https:\/\/arganie.net\/pl\/wp-json\/wp\/v2\/comments?post=541"}],"wp:featuredmedia":[{"embeddable":true,"href":"https:\/\/arganie.net\/pl\/wp-json\/wp\/v2\/media\/746"}],"wp:attachment":[{"href":"https:\/\/arganie.net\/pl\/wp-json\/wp\/v2\/media?parent=541"}],"wp:term":[{"taxonomy":"product_brand","embeddable":true,"href":"https:\/\/arganie.net\/pl\/wp-json\/wp\/v2\/product_brand?post=541"},{"taxonomy":"product_cat","embeddable":true,"href":"https:\/\/arganie.net\/pl\/wp-json\/wp\/v2\/product_cat?post=541"},{"taxonomy":"product_tag","embeddable":true,"href":"https:\/\/arganie.net\/pl\/wp-json\/wp\/v2\/product_tag?post=541"}],"curies":[{"name":"wp","href":"https:\/\/api.w.org\/{rel}","templated":true}]}}