{"id":538,"date":"2024-01-04T19:40:37","date_gmt":"2024-01-04T19:40:37","guid":{"rendered":"https:\/\/arganie.divoti.pl\/?post_type=product&#038;p=538"},"modified":"2026-05-02T21:58:02","modified_gmt":"2026-05-02T21:58:02","slug":"ghassoul-masks-200g","status":"publish","type":"product","link":"https:\/\/arganie.net\/pl\/produkt\/ghassoul-masks-200g\/","title":{"rendered":"Glinka Ghassoul \u2013 200g"},"content":{"rendered":"<h2>Glinka Ghassoul jest naturalnym minera\u0142em wydobywanym w g\u00f3rach Atlas w Maroku.<\/h2>\n<p>Jest u\u017cywana od ponad o\u015bmiu wiek\u00f3w przez Marokanki podczas rytua\u0142\u00f3w piel\u0119gnacyjnych w \u0142a\u017ani parowej, a dzi\u015b stosowana jest w zabiegach SPA w ekskluzywnych o\u015brodkach na ca\u0142ym \u015bwiecie.<\/p>\n<p>Glinka jest bogata w niezb\u0119dne minera\u0142y takie jak wap\u0144, magnez, potas i krzemionk\u0119.\n<br><br>\nAbsorbuje zanieczyszczenia, odt\u0142uszcza i oczyszcza.<\/p>\n<p>Stosowana jest na twarz, cia\u0142o oraz w\u0142osy.<\/p>\n<ul>\n<li>Oczyszcza i zamyka pory<\/li>\n<li>Absorbuje sebum<\/li>\n<li>Reguluje prac\u0119 gruczo\u0142\u00f3w \u0142ojowych<\/li>\n<li>Od\u017cywia i regeneruje<\/li>\n<\/ul>\n<p>\u015awietnie sprawdza si\u0119 przy problemach tr\u0105dzikowych.\n<br><br>\n<b>Spos\u00f3b u\u017cycia: <\/b>\n<br><br>\nZmieszaj glink\u0119 w proszku z ciep\u0142\u0105 wod\u0105 mineraln\u0105 b\u0105d\u017a z hydrolatem r\u00f3\u017canym czy z kwiat\u00f3w pomara\u0144czy. Powinna wyj\u015b\u0107 pasta o konsystencji g\u0119stej \u015bmietany. Dodaj kilka kropli olejku arganowego. Stosuj jako mask\u0119 na twarz, cia\u0142o lub w\u0142osy. Zmyj glink\u0119 ciep\u0142\u0105 wod\u0119, gdy zaczyna zasycha\u0107.<\/p>","protected":false},"excerpt":{"rendered":"<p>The Ghassoul clay is a natural mineral mined in the Atlas Mountains of Morocco. It has been used for over 8 centuries by Moroccan women during their beauty rituals, and today it is used in SPA treatments in exclusive resorts around the world. Rich in essential minerals like calcium, magnesium, potassium, and silica, it absorbs [&hellip;]<\/p>\n","protected":false},"featured_media":295,"comment_status":"open","ping_status":"closed","template":"","meta":{"_gspb_post_css":""},"product_brand":[],"product_cat":[15],"product_tag":[],"class_list":{"0":"post-538","1":"product","2":"type-product","3":"status-publish","4":"has-post-thumbnail","6":"product_cat-natural-cosmetics","8":"first","9":"instock","10":"shipping-taxable","11":"purchasable","12":"product-type-variable"},"_links":{"self":[{"href":"https:\/\/arganie.net\/pl\/wp-json\/wp\/v2\/product\/538","targetHints":{"allow":["GET"]}}],"collection":[{"href":"https:\/\/arganie.net\/pl\/wp-json\/wp\/v2\/product"}],"about":[{"href":"https:\/\/arganie.net\/pl\/wp-json\/wp\/v2\/types\/product"}],"replies":[{"embeddable":true,"href":"https:\/\/arganie.net\/pl\/wp-json\/wp\/v2\/comments?post=538"}],"wp:featuredmedia":[{"embeddable":true,"href":"https:\/\/arganie.net\/pl\/wp-json\/wp\/v2\/media\/295"}],"wp:attachment":[{"href":"https:\/\/arganie.net\/pl\/wp-json\/wp\/v2\/media?parent=538"}],"wp:term":[{"taxonomy":"product_brand","embeddable":true,"href":"https:\/\/arganie.net\/pl\/wp-json\/wp\/v2\/product_brand?post=538"},{"taxonomy":"product_cat","embeddable":true,"href":"https:\/\/arganie.net\/pl\/wp-json\/wp\/v2\/product_cat?post=538"},{"taxonomy":"product_tag","embeddable":true,"href":"https:\/\/arganie.net\/pl\/wp-json\/wp\/v2\/product_tag?post=538"}],"curies":[{"name":"wp","href":"https:\/\/api.w.org\/{rel}","templated":true}]}}