{"id":532,"date":"2024-01-04T19:32:56","date_gmt":"2024-01-04T19:32:56","guid":{"rendered":"https:\/\/arganie.divoti.pl\/?post_type=product&#038;p=532"},"modified":"2026-04-28T15:30:14","modified_gmt":"2026-04-28T15:30:14","slug":"natural-hydrolate-100ml","status":"publish","type":"product","link":"https:\/\/arganie.net\/pl\/produkt\/natural-hydrolate-100ml\/","title":{"rendered":"Natural hydrolates &#8211; 100ml"},"content":{"rendered":"<h2>Hydrolaty naturalne<\/h2>\n<p>Wody kwiatowe certyfikowane przez Ecocert i USDA Organic.<\/p>\n<p>Hydrolaty czy te\u017c wody kwiatowe powstaj\u0105 podczas metody destylacji z par\u0105 wodn\u0105 kwiat\u00f3w czy li\u015bci aromatycznych ro\u015blin. Jest to swego rodzaju produkt uboczny w trakcie produkcji ekstrakt\u00f3w naturalnych. Wody te doskonale sprawdzaj\u0105 si\u0119 jako naturalne toniki do sk\u00f3ry.<\/p>\n<h3>Hydrolat r\u00f3\u017cany<\/h3>\n<p>Nasz organiczny hydrolat r\u00f3\u017cany ma s\u0142odki, delikatny aromat.<\/p>\n<p>Korzystnie wp\u0142ywa na wra\u017cliw\u0105, podra\u017cnion\u0105, such\u0105 oraz t\u0142ust\u0105 cer\u0119, kontroluj\u0105c wydzielanie sebum, zmniejszaj\u0105c stan zapalny i umo\u017cliwiaj\u0105c gojenie si\u0119 i napraw\u0119 zewn\u0119trznej bariery ochronnej sk\u00f3ry. Woda r\u00f3\u017cana zw\u0119\u017ca pory, dzi\u0119ki czemu wydaj\u0105 si\u0119 one mniejsze. Pomaga zr\u00f3wnowa\u017cy\u0107 pH sk\u00f3ry.<\/p>\n<p>Odpowieni dla wszystkich rodzaj\u00f3w sk\u00f3ry.<\/p>\n<p>Hydrolat mo\u017ce by\u0107 rozpylany prosto z butelki jako mgie\u0142ka lub na p\u0142atek kosmetyczny by przemywa\u0107 sk\u00f3r\u0119. Pozostawia sk\u00f3r\u0119 mi\u0119kk\u0105, promienn\u0105, oczyszczon\u0105, bez uczucia \u015bci\u0105gni\u0119cia.\n<br><br>\nU\u017cywaj zawsze, kiedy tylko masz na ni\u0105 ochot\u0119 nawet wielokrotnie w ci\u0105gu dnia.<\/p>\n<h3>Hydrolat z kwiatu pomara\u0144czy.<\/h3>\n<p>Naturalny hydrolat z kwiat\u00f3w pomara\u0144czy to orze\u017awiaj\u0105cy p\u0142yn, kt\u00f3ry pachnie jak lato.<\/p>\n<p>To od\u015bwie\u017caj\u0105ca i orze\u017awiaj\u0105ca woda o przyjemnym letnim zapachu. Dzia\u0142a relaksuj\u0105co i uspokajaj\u0105co. Ma w\u0142a\u015bciwo\u015bci przeciwzapalne, tonizuj\u0105ce, regeneruj\u0105ce, \u0142agodz\u0105ce, antybakteryjne i nawil\u017caj\u0105ce. Pomaga w walce z przebarwieniami i zmarszczkami. Woda pomara\u0144czowa mo\u017ce by\u0107 r\u00f3wnie\u017c stosowana nie tylko jako tonik, ale r\u00f3wnie\u017c jako mgie\u0142ka. Wystarczy niewielka ilo\u015b\u0107 by przywr\u00f3ci\u0107 sk\u00f3rze \u015bwie\u017cy i promienny wygl\u0105d. Pozostawia sk\u00f3r\u0119 g\u0142adk\u0105 i oczyszczon\u0105.<\/p>\n<p>Odpowieni dla wszystkich rodzaj\u00f3w sk\u00f3ry.<\/p>","protected":false},"excerpt":{"rendered":"<p>Natural hydrolates Flower waters certified by Ecocert and USDA Organic. Hydrolats or flower waters are made from the distillation of fresh flowers or leaves. These waters contain water-soluble plant extracts making them perfect as natural skin toners. Rose Hydrolate Our organic rose hydrolat has a sweet delicate aroma. Its properties benefit sensitive, irritated, dry, and [&hellip;]<\/p>\n","protected":false},"featured_media":1048,"comment_status":"open","ping_status":"closed","template":"","meta":{"_gspb_post_css":""},"product_brand":[],"product_cat":[15],"product_tag":[],"class_list":{"0":"post-532","1":"product","2":"type-product","3":"status-publish","4":"has-post-thumbnail","6":"product_cat-natural-cosmetics","8":"first","9":"instock","10":"shipping-taxable","11":"purchasable","12":"product-type-variable","13":"has-default-attributes"},"_links":{"self":[{"href":"https:\/\/arganie.net\/pl\/wp-json\/wp\/v2\/product\/532","targetHints":{"allow":["GET"]}}],"collection":[{"href":"https:\/\/arganie.net\/pl\/wp-json\/wp\/v2\/product"}],"about":[{"href":"https:\/\/arganie.net\/pl\/wp-json\/wp\/v2\/types\/product"}],"replies":[{"embeddable":true,"href":"https:\/\/arganie.net\/pl\/wp-json\/wp\/v2\/comments?post=532"}],"wp:featuredmedia":[{"embeddable":true,"href":"https:\/\/arganie.net\/pl\/wp-json\/wp\/v2\/media\/1048"}],"wp:attachment":[{"href":"https:\/\/arganie.net\/pl\/wp-json\/wp\/v2\/media?parent=532"}],"wp:term":[{"taxonomy":"product_brand","embeddable":true,"href":"https:\/\/arganie.net\/pl\/wp-json\/wp\/v2\/product_brand?post=532"},{"taxonomy":"product_cat","embeddable":true,"href":"https:\/\/arganie.net\/pl\/wp-json\/wp\/v2\/product_cat?post=532"},{"taxonomy":"product_tag","embeddable":true,"href":"https:\/\/arganie.net\/pl\/wp-json\/wp\/v2\/product_tag?post=532"}],"curies":[{"name":"wp","href":"https:\/\/api.w.org\/{rel}","templated":true}]}}