{"id":379,"date":"2023-12-18T14:10:00","date_gmt":"2023-12-18T14:10:00","guid":{"rendered":"https:\/\/arganie.divoti.pl\/?post_type=product&#038;p=379"},"modified":"2026-05-04T17:45:28","modified_gmt":"2026-05-04T17:45:28","slug":"prickly-pear-seed-oil-10ml","status":"publish","type":"product","link":"https:\/\/arganie.net\/pl\/produkt\/prickly-pear-seed-oil-10ml\/","title":{"rendered":"Olej z opuncji figowej"},"content":{"rendered":"<h2>Olej posiada certyfikat Ecocert oraz USDA Organic.<\/h2>\n<p>To absolutnie \"Cudowana Ro\u015blina\", mo\u017ce przetrwa\u0107 z bardzo ma\u0142\u0105 ilo\u015bci\u0105 wody i wci\u0105\u017c produkowa\u0107 zdrowe owoce. Opuncja zawiera ma\u0142e czarne nasiona, z kt\u00f3rych wyci\u0105ga si\u0119 olej. Potrzeba niemal 30 kilogram\u00f3w nasion, czyli 8 ton owoc\u00f3w, aby wyprodukowa\u0107 zaledwie jeden litr oleju! Nasiona s\u0105 wydobywane r\u0119cznie, nast\u0119pnie dok\u0142adnie myte przed wysuszeniem w p\u00f3\u0142nocnoafryka\u0144skim s\u0142o\u0144cu.<\/p>\n<p>Olej dzia\u0142a jak najskuteczniejszy antyoksydant i \u201emorderca\u201d wolnych rodnik\u00f3w rozpuszczalny w t\u0142uszczach. Poprawia napi\u0119cie, koloryt sk\u00f3ry oraz dba o jej nawil\u017cenie gdy jest przesuszona i odwodniona. Wzmacnia i uszczelnia barier\u0119 lipidow\u0105 nask\u00f3rka, \u0142agodzi podra\u017cnienia i wzmacnia uk\u0142ad odporno\u015bciowy sk\u00f3ry, pobudza naturalne procesy jej regeneracji. \n<br><br>\nPoprawia wygl\u0105d cery tr\u0105dzikowej.<\/p>\n<p>Opuncja zawiera najwy\u017csze poziomy betalain ze wszystkich znanych ro\u015blin (wi\u0119cej ni\u017c acai, granat, jagody, goji). Betalainy to super przeciwutleniacze o pot\u0119\u017cnych w\u0142a\u015bciwo\u015bciach przeciwstarzeniowych. Jest r\u00f3wnie\u017c niezwykle bogata w witamin\u0119 K, kt\u00f3ra mo\u017ce rozja\u015bni\u0107 twoje ciemne plamy i cienie pod oczami.<\/p>\n<ul>\n<li>przywraca elastyczno\u015b\u0107 i rozja\u015bnia cer\u0119<\/li>\n<li>redukuje zaczerwienienia i przebarwienia<\/li>\n<li>od\u017cywia, nawil\u017ca i zmi\u0119kcza sk\u00f3r\u0119<\/li>\n<li>zw\u0119\u017ca pory<\/li>\n<li>rozja\u015bnia ciemne plamy<\/li>\n<li>rozja\u015bnia cienie pod oczami<\/li>\n<li>spowalnia starzenie si\u0119 sk\u00f3ry i zapobiega powstawaniu zmarszczek<\/li>\n<li>idealny dla sk\u00f3ry wra\u017cliwej<\/li>\n<\/ul>\n<p>Podsumowuj\u0105c, olejek z opuncji figowej jest doskona\u0142ym dodatkiem do rutynowej piel\u0119gnacji sk\u00f3ry.<\/p>","protected":false},"excerpt":{"rendered":"<p>Opuntia Ficus Indica, known as Prickly Pear Seed Oil certified by Ecocert and USDA Organic. This is absolutely \u201cMiracle Plant\u201d, can survive with very little water and still produce healthy fruit. The Prickly Pear Cactus contains small black seeds, from which the oil is extracted. It takes nearly 30 kilograms of seed, or 8 tonne [&hellip;]<\/p>\n","protected":false},"featured_media":381,"comment_status":"open","ping_status":"closed","template":"","meta":{"_gspb_post_css":""},"product_brand":[],"product_cat":[15],"product_tag":[],"class_list":{"0":"post-379","1":"product","2":"type-product","3":"status-publish","4":"has-post-thumbnail","6":"product_cat-natural-cosmetics","8":"first","9":"instock","10":"shipping-taxable","11":"purchasable","12":"product-type-variable"},"_links":{"self":[{"href":"https:\/\/arganie.net\/pl\/wp-json\/wp\/v2\/product\/379","targetHints":{"allow":["GET"]}}],"collection":[{"href":"https:\/\/arganie.net\/pl\/wp-json\/wp\/v2\/product"}],"about":[{"href":"https:\/\/arganie.net\/pl\/wp-json\/wp\/v2\/types\/product"}],"replies":[{"embeddable":true,"href":"https:\/\/arganie.net\/pl\/wp-json\/wp\/v2\/comments?post=379"}],"wp:featuredmedia":[{"embeddable":true,"href":"https:\/\/arganie.net\/pl\/wp-json\/wp\/v2\/media\/381"}],"wp:attachment":[{"href":"https:\/\/arganie.net\/pl\/wp-json\/wp\/v2\/media?parent=379"}],"wp:term":[{"taxonomy":"product_brand","embeddable":true,"href":"https:\/\/arganie.net\/pl\/wp-json\/wp\/v2\/product_brand?post=379"},{"taxonomy":"product_cat","embeddable":true,"href":"https:\/\/arganie.net\/pl\/wp-json\/wp\/v2\/product_cat?post=379"},{"taxonomy":"product_tag","embeddable":true,"href":"https:\/\/arganie.net\/pl\/wp-json\/wp\/v2\/product_tag?post=379"}],"curies":[{"name":"wp","href":"https:\/\/api.w.org\/{rel}","templated":true}]}}