{"id":372,"date":"2023-12-27T13:44:19","date_gmt":"2023-12-27T13:44:19","guid":{"rendered":"https:\/\/arganie.divoti.pl\/?post_type=product&#038;p=372"},"modified":"2026-05-02T21:58:02","modified_gmt":"2026-05-02T21:58:02","slug":"argan-oil-with-scents-50ml","status":"publish","type":"product","link":"https:\/\/arganie.net\/pl\/produkt\/argan-oil-with-scents-50ml\/","title":{"rendered":"Olej arganowy zapachowy \u2013 50ml"},"content":{"rendered":"<h2><strong>Olej arganowy zapachowy \u2013 50ml<\/strong><\/h2>\n<p>Olej arganowy z dodatkiem naturalnych olejk\u00f3w zapachowych to doskona\u0142e uzupe\u0142nienie Twojej codziennej rutyny piel\u0119gnacyjnej cia\u0142a i w\u0142os\u00f3w.<\/p>\n<p>Ten produkt zapewnia g\u0142\u0119bokie nawil\u017cenie ale r\u00f3wnie\u017c wspaniale oddzia\u0142owuje na zmys\u0142y dzi\u0119ki swoim pi\u0119knym zapachom.<\/p>\n<p>Ta wyrafinowana mieszanka wzbogacona jest o niewielk\u0105 ilo\u015b\u0107 olejku migda\u0142owego i sezamowego, a tak\u017ce pi\u0119kne kwiatowe zapachy dzi\u0119ki czemu produkt ten nie tylko nawil\u017ca i piel\u0119gnuje, ale r\u00f3wnie\u017c pozostawia cudowny zapach na sk\u00f3rze czy w\u0142osach przez ca\u0142y dzie\u0144.<\/p>\n<p>\u015awietnie nadaje si\u0119 r\u00f3wnie\u017c jako olej do masa\u017cu.<\/p>\n<p>Po prostu na\u0142\u00f3\u017c niewielk\u0105 ilo\u015b\u0107 oleju na w\u0142osy i sk\u00f3r\u0119 codziennie po prysznicu, aby uzyska\u0107 maksymalne korzy\u015bci.<br \/>\nPrzechowuj olej w ciemnym, ch\u0142odnym miejscu.<\/p>","protected":false},"excerpt":{"rendered":"<p>Argan Oil with Scents Argan Oil with Scents are perfect addition to your daily hair and skincare routine. This product provides deep hydration but also has a wonderful effect on the senses thanks to its beautiful scents. This sophisticated blend of argan oil is enriched with a small amount of almond and sesame oil, as [&hellip;]<\/p>\n","protected":false},"featured_media":378,"comment_status":"open","ping_status":"closed","template":"","meta":{"_gspb_post_css":""},"product_brand":[],"product_cat":[15],"product_tag":[],"class_list":{"0":"post-372","1":"product","2":"type-product","3":"status-publish","4":"has-post-thumbnail","6":"product_cat-natural-cosmetics","8":"first","9":"instock","10":"shipping-taxable","11":"purchasable","12":"product-type-variable"},"_links":{"self":[{"href":"https:\/\/arganie.net\/pl\/wp-json\/wp\/v2\/product\/372","targetHints":{"allow":["GET"]}}],"collection":[{"href":"https:\/\/arganie.net\/pl\/wp-json\/wp\/v2\/product"}],"about":[{"href":"https:\/\/arganie.net\/pl\/wp-json\/wp\/v2\/types\/product"}],"replies":[{"embeddable":true,"href":"https:\/\/arganie.net\/pl\/wp-json\/wp\/v2\/comments?post=372"}],"wp:featuredmedia":[{"embeddable":true,"href":"https:\/\/arganie.net\/pl\/wp-json\/wp\/v2\/media\/378"}],"wp:attachment":[{"href":"https:\/\/arganie.net\/pl\/wp-json\/wp\/v2\/media?parent=372"}],"wp:term":[{"taxonomy":"product_brand","embeddable":true,"href":"https:\/\/arganie.net\/pl\/wp-json\/wp\/v2\/product_brand?post=372"},{"taxonomy":"product_cat","embeddable":true,"href":"https:\/\/arganie.net\/pl\/wp-json\/wp\/v2\/product_cat?post=372"},{"taxonomy":"product_tag","embeddable":true,"href":"https:\/\/arganie.net\/pl\/wp-json\/wp\/v2\/product_tag?post=372"}],"curies":[{"name":"wp","href":"https:\/\/api.w.org\/{rel}","templated":true}]}}