{"id":371,"date":"2023-12-17T13:41:00","date_gmt":"2023-12-17T13:41:00","guid":{"rendered":"https:\/\/arganie.divoti.pl\/?post_type=product&#038;p=371"},"modified":"2026-05-03T17:09:59","modified_gmt":"2026-05-03T17:09:59","slug":"argan-oil-cosmetic","status":"publish","type":"product","link":"https:\/\/arganie.net\/pl\/produkt\/argan-oil-cosmetic\/","title":{"rendered":"Olej arganowy kosmetyczny"},"content":{"rendered":"<h2><strong>Naturalny 100% olej arganowy certyfikowany przez Ecocert oraz USDA Organic<\/strong><\/h2>\n<p>Olej arganowy znany jest jako \u201eZ\u0142oto Maroka\u201d. Mieszka\u0144cy maroka\u0144skiego regionu Sus- Massa, gdzie rosn\u0105 endemiczne drzewa arganowe od pokole\u0144 wyrabiaj\u0105 ten cenny olej, by u\u017cywa\u0107 go do leczenia ran i \u0142agodzenia wysypek, a tak\u017ce do od\u017cywiania sk\u00f3ry i w\u0142os\u00f3w. \n\nJest to uniwersalny kosmetyk dla kobiet, m\u0119\u017cczyzn a r\u00f3wnie\u017c dzieci.<\/p>\n<p>Jednym z g\u0142\u00f3wnych powod\u00f3w, dla kt\u00f3rych olej arganowy jest tak leczniczy, jest jego bogactwo w witamin\u0119 A i witamin\u0119 E. Olej arganowy jest r\u00f3wnie\u017c pe\u0142en antyoksydant\u00f3w, kwas\u00f3w t\u0142uszczowych Omega-6 oraz kwasu linolowego.\n<br><br>\nSkupujemy orzechy od najlepszych dostawc\u00f3w, kt\u00f3rzy posiadaj\u0105 certyfikat jako\u015bci Ecocert. Dzi\u0119ki temu na p\u00f3\u0142ki naszych sklep\u00f3w Arganie Shop trafia organiczny, naturalny olej czyli p\u0142ynne maroka\u0144skie z\u0142oto. Po t\u0142oczeniu na zimno w naszej manufakturze, poddajemy go filtracji, a nast\u0119pnie r\u0119cznie butelkujemy i etykietujemy.<\/p>\n<p>Oto sposoby, w jakie mo\u017cesz w\u0142\u0105czy\u0107 ten przeciwstarzeniowy, nawil\u017caj\u0105cy i ca\u0142kowicie naturalny olej do swojej codziennej rutyny.<\/p>\n<ul>\n<li><strong>Nawil\u017cacz do ca\u0142ego cia\u0142a<\/strong><br \/>\nPo oczyszczeniu sk\u00f3ry wlej kilka kropli do d\u0142oni, by je ogrza\u0107. Nak\u0142adaj olej okr\u0119\u017cnymi ruchami na twarz i szyj\u0119. Olej arganowy jest bezpieczny w u\u017cyciu w okolicach oczu. Witamina A i witamina E mog\u0105 pom\u00f3c zmniejszy\u0107 drobne zmarszczki i utrzyma\u0107 sk\u00f3r\u0119 nawil\u017con\u0105. Olej arganowy mo\u017cemy u\u017cywa\u0107 jako nawil\u017cacz do ca\u0142ego cia\u0142a, jak balsam do cia\u0142a, a tak\u017ce jako od\u017cywk\u0119 do ust. Je\u015bli masz suche plamy na pi\u0119tach, \u0142okciach lub innych obszarach, wmasuj dodatkow\u0105 kropl\u0119 w te miejsca dla ulgi.<\/li>\n<li><strong>Tr\u0105dzik<\/strong><br \/>\nOlej arganowy pomaga zmniejszy\u0107 stan zapalny spowodowany tr\u0105dzikiem. Udowodniono, \u017ce zmniejsza poziom sebum u os\u00f3b z t\u0142ust\u0105 sk\u00f3r\u0105.<\/li>\n<li><strong>Rozst\u0119py<\/strong><br \/>\nOlej arganowy mo\u017ce pom\u00f3c zapobiega\u0107 rozst\u0119pom poprzez popraw\u0119 elastyczno\u015bci sk\u00f3ry. Ogrzej kilka kropli czystego oleju arganowego w d\u0142oniach i delikatnie wetrzyj w brzuch, biodra lub inne potencjalne problemy. Jest to idealny olej do stosowania w okresie ci\u0105\u017cy.<\/li>\n<li><strong>Od\u017cywka do w\u0142os\u00f3w i \u015brodek do stylizacji<\/strong><br \/>\nOlej arganowy jest idealny jako od\u017cywka bez sp\u0142ukiwania, kt\u00f3ra u\u0142atwia stylizacj\u0119 w\u0142os\u00f3w, jednocze\u015bnie naprawiaj\u0105c te irytuj\u0105ce rozdwojone ko\u0144c\u00f3wki. Olej arganowy pomaga chroni\u0107 przed ciep\u0142em suszarek, lok\u00f3wek i nadaje w\u0142osom zdrowy po\u0142ysk. Warto r\u00f3wnie\u017c obficie naolejowa\u0107 wilgotne w\u0142osy, pozostawi\u0107 na 20-30 minut, a nast\u0119pnie umy\u0107 g\u0142ow\u0119.<\/li>\n<li><strong>Paznokcie<\/strong><br \/>\nOlej pomo\u017ce od\u017cywi\u0107 Twoje paznokcie, ale tak\u017ce utrzyma sk\u00f3rki nawil\u017cone, dzi\u0119ki czemu nie rozwin\u0105 si\u0119 bolesne zadziory.<\/li>\n<\/ul>\n<p>Aby cieszy\u0107 si\u0119 wszystkimi korzy\u015bciami oleju arganowego, u\u017cywaj go codziennie. Przechowuj w ch\u0142odnym miejscu, z dala od bezpo\u015bredniego \u015bwiat\u0142a s\u0142onecznego.<\/p>","protected":false},"excerpt":{"rendered":"<p>Pure 100% Argan Oil certified by Ecocert and USDA Organic. Argan Oil is known as a \u2018Gold of Morocco\u2019. For generations, natives of the Argan Forest in Morocco have extract this precious oil, to use as a dietary supplement, for wound healing and rash relief, and to nourish skin and hair. One of the main [&hellip;]<\/p>\n","protected":false},"featured_media":289,"comment_status":"open","ping_status":"closed","template":"","meta":{"_gspb_post_css":""},"product_brand":[],"product_cat":[15],"product_tag":[],"class_list":{"0":"post-371","1":"product","2":"type-product","3":"status-publish","4":"has-post-thumbnail","6":"product_cat-natural-cosmetics","8":"first","9":"instock","10":"shipping-taxable","11":"purchasable","12":"product-type-variable"},"_links":{"self":[{"href":"https:\/\/arganie.net\/pl\/wp-json\/wp\/v2\/product\/371","targetHints":{"allow":["GET"]}}],"collection":[{"href":"https:\/\/arganie.net\/pl\/wp-json\/wp\/v2\/product"}],"about":[{"href":"https:\/\/arganie.net\/pl\/wp-json\/wp\/v2\/types\/product"}],"replies":[{"embeddable":true,"href":"https:\/\/arganie.net\/pl\/wp-json\/wp\/v2\/comments?post=371"}],"wp:featuredmedia":[{"embeddable":true,"href":"https:\/\/arganie.net\/pl\/wp-json\/wp\/v2\/media\/289"}],"wp:attachment":[{"href":"https:\/\/arganie.net\/pl\/wp-json\/wp\/v2\/media?parent=371"}],"wp:term":[{"taxonomy":"product_brand","embeddable":true,"href":"https:\/\/arganie.net\/pl\/wp-json\/wp\/v2\/product_brand?post=371"},{"taxonomy":"product_cat","embeddable":true,"href":"https:\/\/arganie.net\/pl\/wp-json\/wp\/v2\/product_cat?post=371"},{"taxonomy":"product_tag","embeddable":true,"href":"https:\/\/arganie.net\/pl\/wp-json\/wp\/v2\/product_tag?post=371"}],"curies":[{"name":"wp","href":"https:\/\/api.w.org\/{rel}","templated":true}]}}