{"id":1241,"date":"2024-07-11T23:55:03","date_gmt":"2024-07-11T23:55:03","guid":{"rendered":"https:\/\/arganie.net\/?post_type=product&#038;p=1241"},"modified":"2026-04-25T23:16:35","modified_gmt":"2026-04-25T23:16:35","slug":"spices","status":"publish","type":"product","link":"https:\/\/arganie.net\/pl\/produkt\/spices\/","title":{"rendered":"Maroka\u0144skie Przyprawy- 50g"},"content":{"rendered":"<h2>Aromatyczne maroka\u0144skie przyprawy<\/h2>\n<p>Maroko s\u0142ynie z handlu przyprawami, a miejskie targi s\u0105 wype\u0142nione po brzegi pachn\u0105cymi i kolorowymi kopcami usypanymi z  importowanych i lokalnych zi\u00f3\u0142 i przypraw.<\/p>\n<p>Poczuj prawdziwy smak Afryki P\u00f3\u0142nocnej dzi\u0119ki tradycyjnym mieszankom zi\u00f3\u0142 i przypraw.<\/p>\n<p>Wszystkie nasze przyprawy s\u0105 \u015bwie\u017co mielone i maj\u0105 smak oraz aromat, kt\u00f3rego nie da si\u0119 zapomnie\u0107.<\/p>\n<p><em>Mix Ras al Hanut <\/em><\/p>\n<p>Nasze r\u0119cznie robione tradycyjne maroka\u0144skie mieszanki przypraw wprowadz\u0105 autentyczne smaki Maroka prosto do Twojego domu.\nRas al Hanut, t\u0142umaczy si\u0119 jako \u201ez najwy\u017cszej p\u00f3\u0142ki\u201d, co oznacza po\u0142\u0105czenie wszystkich najlepszych przypraw w jedn\u0105. Cechuje si\u0119 wyrazistym, lekko ostrym smakiem. Niezb\u0119dnik dla fan\u00f3w orientalnych smak\u00f3w!<\/p>\n<p>Mo\u017cna dodawa\u0107 go do kurczaka, mi\u0119s a r\u00f3wnie\u017c warzyw.<\/p>\n<p>Sk\u0142ad: cumin, imbir, kurkuma, kolendra, pieprz czarny, papryka s\u0142odka, kardamon, kwiat muszkato\u0142owy, gwiazdy any\u017cu , pieprz d\u0142ugi, galangal.<\/p>\n<p><em>Mix do kurczaka\u00a0<\/em><\/p>\n<p>Ta tradycyjna maroka\u0144ska mieszanka przypraw ujawni smaki i doda oryginalnego akcentu Twoim ulubionym potrawom z kurczaka.<\/p>\n<p>Sk\u0142ad: kardamon, kwiat muszkato\u0142owy, kolendra, ja\u0142owiec, kurkuma, imbir, pieprz bia\u0142y.<\/p>","protected":false},"excerpt":{"rendered":"<p>&nbsp;<\/p>\n<p>&nbsp;<\/p>","protected":false},"featured_media":1250,"comment_status":"open","ping_status":"closed","template":"","meta":{"_gspb_post_css":""},"product_brand":[],"product_cat":[66],"product_tag":[],"class_list":{"0":"post-1241","1":"product","2":"type-product","3":"status-publish","4":"has-post-thumbnail","6":"product_cat-food","8":"first","9":"instock","10":"shipping-taxable","11":"purchasable","12":"product-type-variable"},"_links":{"self":[{"href":"https:\/\/arganie.net\/pl\/wp-json\/wp\/v2\/product\/1241","targetHints":{"allow":["GET"]}}],"collection":[{"href":"https:\/\/arganie.net\/pl\/wp-json\/wp\/v2\/product"}],"about":[{"href":"https:\/\/arganie.net\/pl\/wp-json\/wp\/v2\/types\/product"}],"replies":[{"embeddable":true,"href":"https:\/\/arganie.net\/pl\/wp-json\/wp\/v2\/comments?post=1241"}],"wp:featuredmedia":[{"embeddable":true,"href":"https:\/\/arganie.net\/pl\/wp-json\/wp\/v2\/media\/1250"}],"wp:attachment":[{"href":"https:\/\/arganie.net\/pl\/wp-json\/wp\/v2\/media?parent=1241"}],"wp:term":[{"taxonomy":"product_brand","embeddable":true,"href":"https:\/\/arganie.net\/pl\/wp-json\/wp\/v2\/product_brand?post=1241"},{"taxonomy":"product_cat","embeddable":true,"href":"https:\/\/arganie.net\/pl\/wp-json\/wp\/v2\/product_cat?post=1241"},{"taxonomy":"product_tag","embeddable":true,"href":"https:\/\/arganie.net\/pl\/wp-json\/wp\/v2\/product_tag?post=1241"}],"curies":[{"name":"wp","href":"https:\/\/api.w.org\/{rel}","templated":true}]}}