{"id":1234,"date":"2024-07-11T22:54:18","date_gmt":"2024-07-11T22:54:18","guid":{"rendered":"https:\/\/arganie.net\/?post_type=product&#038;p=1234"},"modified":"2026-02-18T18:36:51","modified_gmt":"2026-02-18T18:36:51","slug":"royal-tea","status":"publish","type":"product","link":"https:\/\/arganie.net\/pl\/produkt\/royal-tea\/","title":{"rendered":"Herbata Royal Tea- 100g"},"content":{"rendered":"<h2>Kr\u00f3lewska Maroka\u0144ska Herbata<\/h2>\n<p>Mix wielu zi\u00f3\u0142 i kwiat\u00f3w. Rozkoszuj si\u0119 najlepszymi smakami i aromatami, jakie ma do zaoferowania natura.<\/p>\n<p>Ta wy\u015bmienita mieszanka opr\u00f3cz smaku ma r\u00f3wnie\u017c szereg w\u0142a\u015bciwo\u015bci:<\/p>\n<ul>\n<li>trawienne, relaksuj\u0105ce, oczyszczaj\u0105ce i detoksykuj\u0105ce.<\/li>\n<\/ul>\n<p>Spos\u00f3b u\u017cycia: wsyp 1 lub 2 \u0142y\u017ceczki zi\u00f3\u0142 do kubka i zalej wrz\u0105tkiem lub dodaj szczypt\u0119 do swojego kubka zielonej herbaty. By uzyska\u0107 silniejszy napar mo\u017cna zagotowa\u0107 zio\u0142a na ogniu.<\/p>\n<p>Sk\u0142ad: go\u017adziki, gwiazdy any\u017cu, mi\u0119ta, lawenda, kardamon, any\u017c, r\u00f3\u017ca damasce\u0144ska, kwiat granatu, kwiat paczuli, kminek, oregano, tymianek, rumianek, sufi kamoun, nasiona kopru w\u0142oskiego, kwiat muszkato\u0142owy, korze\u0144 galangi, werbena cytrynowa, rozmaryn, arabska guma.<\/p>","protected":false},"excerpt":{"rendered":"<p>&nbsp;<\/p>\n<p>&nbsp;<\/p>","protected":false},"featured_media":1236,"comment_status":"open","ping_status":"closed","template":"","meta":{"_gspb_post_css":""},"product_brand":[],"product_cat":[66],"product_tag":[],"class_list":{"0":"post-1234","1":"product","2":"type-product","3":"status-publish","4":"has-post-thumbnail","6":"product_cat-food","8":"first","9":"outofstock","10":"shipping-taxable","11":"purchasable","12":"product-type-simple"},"_links":{"self":[{"href":"https:\/\/arganie.net\/pl\/wp-json\/wp\/v2\/product\/1234","targetHints":{"allow":["GET"]}}],"collection":[{"href":"https:\/\/arganie.net\/pl\/wp-json\/wp\/v2\/product"}],"about":[{"href":"https:\/\/arganie.net\/pl\/wp-json\/wp\/v2\/types\/product"}],"replies":[{"embeddable":true,"href":"https:\/\/arganie.net\/pl\/wp-json\/wp\/v2\/comments?post=1234"}],"wp:featuredmedia":[{"embeddable":true,"href":"https:\/\/arganie.net\/pl\/wp-json\/wp\/v2\/media\/1236"}],"wp:attachment":[{"href":"https:\/\/arganie.net\/pl\/wp-json\/wp\/v2\/media?parent=1234"}],"wp:term":[{"taxonomy":"product_brand","embeddable":true,"href":"https:\/\/arganie.net\/pl\/wp-json\/wp\/v2\/product_brand?post=1234"},{"taxonomy":"product_cat","embeddable":true,"href":"https:\/\/arganie.net\/pl\/wp-json\/wp\/v2\/product_cat?post=1234"},{"taxonomy":"product_tag","embeddable":true,"href":"https:\/\/arganie.net\/pl\/wp-json\/wp\/v2\/product_tag?post=1234"}],"curies":[{"name":"wp","href":"https:\/\/api.w.org\/{rel}","templated":true}]}}