{"id":1033,"date":"2024-04-15T19:26:17","date_gmt":"2024-04-15T19:26:17","guid":{"rendered":"https:\/\/arganie.net\/?post_type=product&#038;p=1033"},"modified":"2026-03-12T08:47:16","modified_gmt":"2026-03-12T08:47:16","slug":"saffron","status":"publish","type":"product","link":"https:\/\/arganie.net\/pl\/produkt\/saffron\/","title":{"rendered":"Maroka\u0144ski Szafran- 1g"},"content":{"rendered":"<h2>Organiczny Szafran Maroka\u0144ski<\/h2>\n<p>Taliouine, ma\u0142a g\u00f3rska wioska na po\u0142udniu Maroka i dolina Ourika u podn\u00f3\u017ca g\u00f3r Atlas w pobli\u017cu Marrakeszu, to dwa dobrze znane regiony, w kt\u00f3rych rosn\u0105 krokusy.<\/p>\n<p>Szafran jest znany jako najdro\u017csza i najrzadsza przyprawa na \u015bwiecie. Szafran pozyskiwany jest z kwiat\u00f3w o nazwie Crocus sativus. Cz\u0119sto nazywany jest \"czerwonym z\u0142otem\".<\/p>\n<p>Zbiory szafranu s\u0105 trudne i odbywaj\u0105 si\u0119 r\u0119cznie przez kr\u00f3tki okres czasu raz do roku. Do wyprodukowania 1 kg szafranu potrzeba oko\u0142o 200 000 kwiat\u00f3w.<\/p>\n<p>Opr\u00f3cz funkcji kulinarnej ma r\u00f3wnie\u017c w\u0142a\u015bciwo\u015bci pozdrowotne takie jak poprawa nastroju, libido, dzia\u0142anie antydepresyjne, \u0142agodzenie objaw\u00f3w PMS.<\/p>\n<p>To \u015bwietny i smaczny dodatek do da\u0144, deser\u00f3w, herbat czy kawy.<\/p>","protected":false},"excerpt":{"rendered":"<p>&nbsp;<\/p>\n<p>&nbsp;<\/p>","protected":false},"featured_media":1037,"comment_status":"open","ping_status":"closed","template":"","meta":{"_gspb_post_css":""},"product_brand":[],"product_cat":[66],"product_tag":[],"class_list":{"0":"post-1033","1":"product","2":"type-product","3":"status-publish","4":"has-post-thumbnail","6":"product_cat-food","8":"first","9":"instock","10":"shipping-taxable","11":"purchasable","12":"product-type-simple"},"_links":{"self":[{"href":"https:\/\/arganie.net\/pl\/wp-json\/wp\/v2\/product\/1033","targetHints":{"allow":["GET"]}}],"collection":[{"href":"https:\/\/arganie.net\/pl\/wp-json\/wp\/v2\/product"}],"about":[{"href":"https:\/\/arganie.net\/pl\/wp-json\/wp\/v2\/types\/product"}],"replies":[{"embeddable":true,"href":"https:\/\/arganie.net\/pl\/wp-json\/wp\/v2\/comments?post=1033"}],"wp:featuredmedia":[{"embeddable":true,"href":"https:\/\/arganie.net\/pl\/wp-json\/wp\/v2\/media\/1037"}],"wp:attachment":[{"href":"https:\/\/arganie.net\/pl\/wp-json\/wp\/v2\/media?parent=1033"}],"wp:term":[{"taxonomy":"product_brand","embeddable":true,"href":"https:\/\/arganie.net\/pl\/wp-json\/wp\/v2\/product_brand?post=1033"},{"taxonomy":"product_cat","embeddable":true,"href":"https:\/\/arganie.net\/pl\/wp-json\/wp\/v2\/product_cat?post=1033"},{"taxonomy":"product_tag","embeddable":true,"href":"https:\/\/arganie.net\/pl\/wp-json\/wp\/v2\/product_tag?post=1033"}],"curies":[{"name":"wp","href":"https:\/\/api.w.org\/{rel}","templated":true}]}}