{"id":1026,"date":"2024-04-15T18:38:40","date_gmt":"2024-04-15T18:38:40","guid":{"rendered":"https:\/\/arganie.net\/?post_type=product&#038;p=1026"},"modified":"2026-02-19T20:57:08","modified_gmt":"2026-02-19T20:57:08","slug":"hemp-oil-100ml","status":"publish","type":"product","link":"https:\/\/arganie.net\/pl\/produkt\/hemp-oil-100ml\/","title":{"rendered":"Olej Konopny Kosmetyczny- 100ml"},"content":{"rendered":"<h2>Naturalny Olej Konopny z maroka\u0144skich Konopi Siewnych<\/h2>\n<p>Olej t\u0142oczony jest na zimno z ziaren konopii.<\/p>\n<p>Olej ma przeznaczenie kosmetyczne i nie zawiera THC b\u0105d\u017a CBD.<\/p>\n<p>Olej konopny poprawia kondycj\u0119 sk\u00f3ry i w\u0142os\u00f3w. Jest bardzo korzystny dzi\u0119ki swoim od\u017cywczym i nawil\u017caj\u0105cym w\u0142a\u015bciwo\u015bciom .<\/p>\n<p>Jest idealny dla wszystkich rodzaj\u00f3w sk\u00f3ry, poniewa\u017c nawil\u017ca bez zatykania por\u00f3w. Mo\u017ce pom\u00f3c w regulowaniu produkcji sebum. Jest silnym \u017ar\u00f3d\u0142em antyoksydant\u00f3w i ma w\u0142a\u015bciwo\u015bci przeciwzapalne.<\/p>\n<p>Olej jest cz\u0119sto wybierany<strong> do piel\u0119gnacji w\u0142os\u00f3w ale i by przy\u015bpieszy\u0107 ich wzrost.<\/strong>\u00a0Zawiera kwasy t\u0142uszczowe omega-3, 6 i 9, kt\u00f3re stymuluj\u0105 w\u0142a\u015bnie wzrost w\u0142os\u00f3w, poprawiaj\u0105 kr\u0105\u017cenie krwi w sk\u00f3rze g\u0142owy i od\u017cywiaj\u0105 mieszki w\u0142osowe. Ponadto olej zmi\u0119kcza i nawil\u017ca w\u0142osy.<\/p>\n<p>Wystarczy na\u0142\u00f3\u017cy\u0107 kilka kropli oleju na wilgotne w\u0142osy, skupiaj\u0105c si\u0119 na ko\u0144c\u00f3wkach i suchych miejscach, a tak\u017ce w razie potrzeby wetrze\u0107 w sk\u00f3r\u0119 g\u0142owy i pozostawi\u0107 na co najmniej 30 minut lub na noc. Nast\u0119pnie umyj w\u0142osy.<\/p>","protected":false},"excerpt":{"rendered":"<p>&nbsp;<\/p>\n<p>&nbsp;<\/p>","protected":false},"featured_media":1027,"comment_status":"open","ping_status":"closed","template":"","meta":{"_gspb_post_css":""},"product_brand":[],"product_cat":[15],"product_tag":[],"class_list":{"0":"post-1026","1":"product","2":"type-product","3":"status-publish","4":"has-post-thumbnail","6":"product_cat-natural-cosmetics","8":"first","9":"instock","10":"shipping-taxable","11":"purchasable","12":"product-type-simple"},"_links":{"self":[{"href":"https:\/\/arganie.net\/pl\/wp-json\/wp\/v2\/product\/1026","targetHints":{"allow":["GET"]}}],"collection":[{"href":"https:\/\/arganie.net\/pl\/wp-json\/wp\/v2\/product"}],"about":[{"href":"https:\/\/arganie.net\/pl\/wp-json\/wp\/v2\/types\/product"}],"replies":[{"embeddable":true,"href":"https:\/\/arganie.net\/pl\/wp-json\/wp\/v2\/comments?post=1026"}],"wp:featuredmedia":[{"embeddable":true,"href":"https:\/\/arganie.net\/pl\/wp-json\/wp\/v2\/media\/1027"}],"wp:attachment":[{"href":"https:\/\/arganie.net\/pl\/wp-json\/wp\/v2\/media?parent=1026"}],"wp:term":[{"taxonomy":"product_brand","embeddable":true,"href":"https:\/\/arganie.net\/pl\/wp-json\/wp\/v2\/product_brand?post=1026"},{"taxonomy":"product_cat","embeddable":true,"href":"https:\/\/arganie.net\/pl\/wp-json\/wp\/v2\/product_cat?post=1026"},{"taxonomy":"product_tag","embeddable":true,"href":"https:\/\/arganie.net\/pl\/wp-json\/wp\/v2\/product_tag?post=1026"}],"curies":[{"name":"wp","href":"https:\/\/api.w.org\/{rel}","templated":true}]}}