{"id":1017,"date":"2024-04-15T15:27:09","date_gmt":"2024-04-15T15:27:09","guid":{"rendered":"https:\/\/arganie.net\/?post_type=product&#038;p=1017"},"modified":"2026-04-25T23:23:44","modified_gmt":"2026-04-25T23:23:44","slug":"black-seed-oil-100ml","status":"publish","type":"product","link":"https:\/\/arganie.net\/pl\/produkt\/black-seed-oil-100ml\/","title":{"rendered":"Olej Czarnuszka - 100ml"},"content":{"rendered":"<h2>T\u0142oczony na zimno Olej z Czarnuszki Maroka\u0144skiej<\/h2>\n<p>Olej z czarnuszki pozyskiwany jest z nasion ro\u015bliny Nigella sativa.<\/p>\n<p>Olej ten jest stosowany w leczeniu wielu schorze\u0144 np. zaburze\u0144 sercowo-naczyniowych, cukrzycy, dolegliwo\u015bciach \u017co\u0142\u0105dkowo-jelitowych oraz w celu wsparcia odporno\u015bci organizmu. To wszystko dzi\u0119ki temu, \u017ce zawiera <strong>tymochinon.<\/strong>.<\/p>\n<p>Olej z czarnuszki ma dzia\u0142anie przeciwzapalne, przeciwwirusowe i przeciwbakteryjne, dzi\u0119ki czemu jest przydatny przy wielu schorzeniach.<\/p>\n<p>Mo\u017ce by\u0107 pomocny przy:<\/p>\n<ul>\n<li>astmie<\/li>\n<li>obni\u017ceniu poziomu cukru we krwi i ci\u015bnienia<\/li>\n<li>odchudzaniu<\/li>\n<li>problemach trawiennych<\/li>\n<li>obni\u017ca 'z\u0142y cholesterol'<\/li>\n<li>wspomaga odporno\u015b\u0107<\/li>\n<\/ul>\n<p>Wystarczy pi\u0107 1 \u0142y\u017ceczk\u0119 oleju 2 razy dziennie podczas posi\u0142ku. Dodaj olej do soku, koktajlu czy letniej herbaty.<\/p>\n<p>Olej mo\u017cna stosowa\u0107 r\u00f3wnie\u017c zewn\u0119trznie na sk\u00f3r\u0119 cia\u0142a, g\u0142owy i na w\u0142osy. Czarnuszka jest pomocna przy r\u00f3\u017cnych chorobach sk\u00f3rnych takich jak:<\/p>\n<ul>\n<li>tr\u0105dzik<\/li>\n<li>egzema<\/li>\n<li>atopowe zapalenie sk\u00f3ry<\/li>\n<li>\u0142uszczyca<\/li>\n<li>lupie\u017c<\/li>\n<\/ul>\n<p>&nbsp;<\/p>","protected":false},"excerpt":{"rendered":"<p>&nbsp;<\/p>\n<p>&nbsp;<\/p>","protected":false},"featured_media":1021,"comment_status":"open","ping_status":"closed","template":"","meta":{"_gspb_post_css":""},"product_brand":[],"product_cat":[15],"product_tag":[],"class_list":{"0":"post-1017","1":"product","2":"type-product","3":"status-publish","4":"has-post-thumbnail","6":"product_cat-natural-cosmetics","8":"first","9":"instock","10":"shipping-taxable","11":"purchasable","12":"product-type-simple"},"_links":{"self":[{"href":"https:\/\/arganie.net\/pl\/wp-json\/wp\/v2\/product\/1017","targetHints":{"allow":["GET"]}}],"collection":[{"href":"https:\/\/arganie.net\/pl\/wp-json\/wp\/v2\/product"}],"about":[{"href":"https:\/\/arganie.net\/pl\/wp-json\/wp\/v2\/types\/product"}],"replies":[{"embeddable":true,"href":"https:\/\/arganie.net\/pl\/wp-json\/wp\/v2\/comments?post=1017"}],"wp:featuredmedia":[{"embeddable":true,"href":"https:\/\/arganie.net\/pl\/wp-json\/wp\/v2\/media\/1021"}],"wp:attachment":[{"href":"https:\/\/arganie.net\/pl\/wp-json\/wp\/v2\/media?parent=1017"}],"wp:term":[{"taxonomy":"product_brand","embeddable":true,"href":"https:\/\/arganie.net\/pl\/wp-json\/wp\/v2\/product_brand?post=1017"},{"taxonomy":"product_cat","embeddable":true,"href":"https:\/\/arganie.net\/pl\/wp-json\/wp\/v2\/product_cat?post=1017"},{"taxonomy":"product_tag","embeddable":true,"href":"https:\/\/arganie.net\/pl\/wp-json\/wp\/v2\/product_tag?post=1017"}],"curies":[{"name":"wp","href":"https:\/\/api.w.org\/{rel}","templated":true}]}}