{"id":614,"date":"2024-01-09T20:39:01","date_gmt":"2024-01-09T20:39:01","guid":{"rendered":"https:\/\/arganie.divoti.pl\/?page_id=614"},"modified":"2024-01-09T20:39:01","modified_gmt":"2024-01-09T20:39:01","slug":"terms-conditions","status":"publish","type":"page","link":"https:\/\/arganie.net\/pl\/terms-conditions\/","title":{"rendered":"Regulamin"},"content":{"rendered":"<p>Niniejszy regulamin zosta\u0142 ostatnio zaktualizowany 28 wrze\u015bnia 2022 r.<\/p>\n\n\n\n<ol class=\"wp-block-list\">\n<li><strong>Wprowadzenie<\/strong><br>Niniejsze warunki maj\u0105 zastosowanie do wszystkich transakcji sprzeda\u017cy dokonywanych za po\u015brednictwem niniejszej witryny internetowej. Z\u0142o\u017cenie zam\u00f3wienia jest r\u00f3wnoznaczne z akceptacj\u0105 niniejszych warunk\u00f3w. Je\u015bli nie akceptujesz tych warunk\u00f3w, nie korzystaj z tej witryny.<\/li>\n\n\n\n<li><strong>Dost\u0119pno\u015b\u0107<\/strong><br>Wszystkie produkty s\u0105 dost\u0119pne w zale\u017cno\u015bci od dost\u0119pno\u015bci. Poinformujemy u\u017cytkownika tak szybko, jak to mo\u017cliwe, je\u015bli zam\u00f3wione towary nie b\u0119d\u0105 dost\u0119pne, aby dowiedzie\u0107 si\u0119, czy u\u017cytkownik chce poczeka\u0107, otrzyma\u0107 zamiennik lub zwrot pieni\u0119dzy.<\/li>\n\n\n\n<li><strong>Reprezentacja produkt\u00f3w<br><\/strong>Zastrzegamy sobie prawo do zmiany, bez uprzedzenia, asortymentu produkt\u00f3w, cen produkt\u00f3w oraz warunk\u00f3w sprzeda\u017cy przed z\u0142o\u017ceniem zam\u00f3wienia przez u\u017cytkownika. Zastrzegamy sobie prawo do wycofania dowolnego produktu ze sprzeda\u017cy bez uprzedzenia.<\/li>\n\n\n\n<li><strong>Polityka prywatno\u015bci<br><\/strong>Przeczytaj nasz\u0105 Polityk\u0119 prywatno\u015bci.<\/li>\n\n\n\n<li><strong>Zam\u00f3wienie<br><\/strong>Za z\u0142o\u017cenie zam\u00f3wienia uwa\u017ca si\u0119 z\u0142o\u017cenie zam\u00f3wienia za po\u015brednictwem naszej strony internetowej.<br>Po z\u0142o\u017ceniu zam\u00f3wienia otrzymasz od nas wiadomo\u015b\u0107 e-mail. Jak tylko p\u0142atno\u015b\u0107 zostanie potwierdzona przez nasz bank, rozpoczniemy proces dostawy i potwierdzimy, \u017ce produkt(y) zosta\u0142(y) wys\u0142ane.<br>Uwaga:<br>- Wszelkie op\u0142aty celne w kraju przeznaczenia s\u0105 obowi\u0105zkiem kupuj\u0105cego.<br>Mo\u017cemy odm\u00f3wi\u0107 przyj\u0119cia zam\u00f3wienia: je\u015bli towary nie s\u0105 dost\u0119pne; je\u015bli nie mo\u017cemy uzyska\u0107 autoryzacji p\u0142atno\u015bci; je\u015bli wyst\u0105pi\u0142 b\u0142\u0105d w cenie lub opisie produktu; je\u015bli u\u017cytkownik nie spe\u0142nia kryteri\u00f3w kwalifikacyjnych okre\u015blonych w naszych warunkach.<\/li>\n\n\n\n<li><strong>Ceny i p\u0142atno\u015bci<br><\/strong>Ceny obowi\u0105zuj\u0105 w momencie sk\u0142adania zam\u00f3wienia. Nasze ceny s\u0105 weryfikowane. Ca\u0142kowity koszt zam\u00f3wienia to cena zam\u00f3wionych produkt\u00f3w.<br>Pe\u0142na p\u0142atno\u015b\u0107 musi zosta\u0107 dokonana przed wysy\u0142k\u0105 produkt\u00f3w, przelewem bankowym.<\/li>\n\n\n\n<li><strong>Dostawa<\/strong><br>Towary wysy\u0142amy po otrzymaniu potwierdzenia z naszego banku o otrzymaniu p\u0142atno\u015bci (oko\u0142o 7 dni roboczych). Przygotowanie zam\u00f3wienia i wysy\u0142ka mog\u0105 potrwa\u0107 do 25 dni.<br>Nasze produkty pochodz\u0105 bezpo\u015brednio z Maroka. Odbiorca produktu jest odpowiedzialny za wszelkie op\u0142aty celne lub taryfy poniesione w kraju, do kt\u00f3rego produkty s\u0105 wysy\u0142ane. Ponadto zam\u00f3wienie mo\u017ce ulec op\u00f3\u017anieniu lub zosta\u0107 otwarte i przeszukane przez lokalne organy celne przy wje\u017adzie do kraju docelowego. Nale\u017cy pami\u0119ta\u0107, \u017ce nie jeste\u015bmy w stanie udzieli\u0107 konkretnych porad dotycz\u0105cych op\u0142at celnych lub taryf.<br>Towary zostan\u0105 dostarczone na adres podany w formularzu zam\u00f3wienia. Nie ponosimy odpowiedzialno\u015bci za jakiekolwiek straty spowodowane wprowadzeniem nieprawid\u0142owego adresu na stronie internetowej.<br>Wszelkie podane daty dostawy towar\u00f3w s\u0105 jedynie przybli\u017cone i nie ponosimy odpowiedzialno\u015bci za jakiekolwiek op\u00f3\u017anienia w dostawie towar\u00f3w, niezale\u017cnie od ich przyczyny.<br>W przypadku, gdy zam\u00f3wienie nie zostanie dostarczone, nale\u017cy poinformowa\u0107 nas o tym w ci\u0105gu 30 dni od ostatniej szacowanej daty dostawy, kt\u00f3ra jest dost\u0119pna w szczeg\u00f3\u0142ach zam\u00f3wienia, kt\u00f3re znajduj\u0105 si\u0119 w wiadomo\u015bciach e-mail z potwierdzeniem zam\u00f3wienia oraz w obszarze konta u\u017cytkownika. Niedope\u0142nienie tego obowi\u0105zku mo\u017ce spowodowa\u0107, \u017ce nie b\u0119dziemy w stanie zbada\u0107 brakuj\u0105cych zam\u00f3wie\u0144.<\/li>\n\n\n\n<li><strong>Ryzyko i tytu\u0142 w\u0142asno\u015bci<br><\/strong>Produkty b\u0119d\u0105 obj\u0119te ryzykiem u\u017cytkownika od momentu ich dostarczenia.<\/li>\n\n\n\n<li><strong>Prawa do anulowania, zwrot\u00f3w i refundacji<br><\/strong>Prawo do anulowania zam\u00f3wienia: Klienci zastrzegaj\u0105 sobie prawo do zwrotu swoich zam\u00f3wie\u0144 w ci\u0105gu 7 dni roboczych od otrzymania towar\u00f3w. Aby anulowa\u0107 Umow\u0119, nale\u017cy poinformowa\u0107 nas o tym na pi\u015bmie.<br>Polityka zwrot\u00f3w: U\u017cytkownik otrzyma adres zwrotny po pisemnym anulowaniu zam\u00f3wienia. U\u017cytkownik musi r\u00f3wnie\u017c niezw\u0142ocznie zwr\u00f3ci\u0107 nam produkt(y) w takim samym stanie, w jakim je otrzyma\u0142, na w\u0142asny koszt i ryzyko. Zalecamy uzyskanie dowodu nadania. U\u017cytkownik jest prawnie zobowi\u0105zany do nale\u017cytej dba\u0142o\u015bci o produkty, gdy znajduj\u0105 si\u0119 one w jego posiadaniu. W przypadku niewywi\u0105zania si\u0119 z tego obowi\u0105zku, mo\u017cemy mie\u0107 prawo do podj\u0119cia dzia\u0142a\u0144 przeciwko u\u017cytkownikowi w celu uzyskania odszkodowania.<br>Prawo do zwrotu towar\u00f3w do nas, o kt\u00f3rym mowa, nie b\u0119dzie mia\u0142o zastosowania w przypadku, gdy produkt by\u0142 u\u017cywany lub produkt nie jest w stanie nadaj\u0105cym si\u0119 do sprzeda\u017cy po zwrocie do nas, lub je\u015bli jakakolwiek piecz\u0119\u0107 na opakowaniu produktu zosta\u0142a naruszona. Postanowienia niniejszej klauzuli nie maj\u0105 wp\u0142ywu na ustawowe prawa u\u017cytkownika.<br>Polityka zwrot\u00f3w: Je\u015bli u\u017cytkownik zwr\u00f3ci produkty w terminie wymienionym powy\u017cej i zgodnie z warunkami naszej Polityki zwrot\u00f3w, przetworzymy nale\u017cny u\u017cytkownikowi zwrot pieni\u0119dzy tak szybko, jak to mo\u017cliwe, a w ka\u017cdym razie w ci\u0105gu 30 dni od otrzymania zwr\u00f3conych produkt\u00f3w. W takim przypadku zwr\u00f3cimy pe\u0142n\u0105 cen\u0119 produktu, z wy\u0142\u0105czeniem zwrotu pierwotnych op\u0142at za dostaw\u0119 pobranych od u\u017cytkownika. Nie b\u0119dziemy zwraca\u0107 pieni\u0119dzy za produkty zagubione lub skradzione podczas transportu do nas.<\/li>\n\n\n\n<li><strong>Wadliwe produkty<br><\/strong>W przypadku wyst\u0105pienia wady produktu, mo\u017ce on zosta\u0107 zwr\u00f3cony do nas zgodnie z powy\u017cszymi zasadami dotycz\u0105cymi zwrot\u00f3w.<\/li>\n\n\n\n<li><strong>Zdarzenia poza nasz\u0105 kontrol\u0105<br><\/strong>Nie ponosimy odpowiedzialno\u015bci za op\u00f3\u017anienie lub niewykonanie jakiegokolwiek zobowi\u0105zania wynikaj\u0105cego z niniejszego Regulaminu, je\u015bli op\u00f3\u017anienie lub niewykonanie jest spowodowane okoliczno\u015bciami pozostaj\u0105cymi poza nasz\u0105 uzasadnion\u0105 kontrol\u0105, w tym mi\u0119dzy innymi wojn\u0105, niepokojami spo\u0142ecznymi lub sporem zbiorowym.<\/li>\n\n\n\n<li><strong>Prawa autorskie<\/strong><br>Wszystkie tre\u015bci, bazy danych, grafika, przyciski, ikony, logo, uk\u0142ady i wygl\u0105d s\u0105 obj\u0119te naszymi prawami autorskimi, chyba \u017ce wyra\u017anie zaznaczono inaczej. Eksploracja danych, wydobywanie lub wykorzystywanie informacji o produktach z naszej strony internetowej nie jest dozwolone bez naszej wyra\u017anej uprzedniej pisemnej zgody.<\/li>\n\n\n\n<li><strong>Zmiany<\/strong><br>Zastrzegamy sobie prawo do zmiany niniejszych warunk\u00f3w w dowolnym momencie, bez powiadamiania u\u017cytkownika. Takie zmienione warunki b\u0119d\u0105 automatycznie mia\u0142y zastosowanie do korzystania z naszej strony internetowej od daty publikacji na naszej stronie internetowej.<\/li>\n\n\n\n<li><strong>Regulamin<br><\/strong>Niniejszy regulamin okre\u015bla ca\u0142o\u015b\u0107 umowy i porozumienia mi\u0119dzy u\u017cytkownikiem a nami.<\/li>\n\n\n\n<li><strong>Prawa ustawowe<br><\/strong>\u017badne z powy\u017cszych postanowie\u0144 nie narusza ustawowych praw u\u017cytkownika, tj. ustawy o sprzeda\u017cy towar\u00f3w i innych praw konsument\u00f3w. Aby uzyska\u0107 wi\u0119cej informacji, skontaktuj si\u0119 z lokalnymi standardami handlowymi.<br>W przypadku jakichkolwiek pyta\u0144 dotycz\u0105cych niniejszego regulaminu prosimy o kontakt.<\/li>\n<\/ol>","protected":false},"excerpt":{"rendered":"<p>Niniejszy regulamin zosta\u0142 ostatnio zaktualizowany 28 wrze\u015bnia 2022 r.<\/p>","protected":false},"author":1,"featured_media":0,"parent":0,"menu_order":0,"comment_status":"closed","ping_status":"closed","template":"","meta":{"_gspb_post_css":"","footnotes":""},"class_list":["post-614","page","type-page","status-publish","hentry"],"blocksy_meta":[],"_links":{"self":[{"href":"https:\/\/arganie.net\/pl\/wp-json\/wp\/v2\/pages\/614","targetHints":{"allow":["GET"]}}],"collection":[{"href":"https:\/\/arganie.net\/pl\/wp-json\/wp\/v2\/pages"}],"about":[{"href":"https:\/\/arganie.net\/pl\/wp-json\/wp\/v2\/types\/page"}],"author":[{"embeddable":true,"href":"https:\/\/arganie.net\/pl\/wp-json\/wp\/v2\/users\/1"}],"replies":[{"embeddable":true,"href":"https:\/\/arganie.net\/pl\/wp-json\/wp\/v2\/comments?post=614"}],"version-history":[{"count":1,"href":"https:\/\/arganie.net\/pl\/wp-json\/wp\/v2\/pages\/614\/revisions"}],"predecessor-version":[{"id":616,"href":"https:\/\/arganie.net\/pl\/wp-json\/wp\/v2\/pages\/614\/revisions\/616"}],"wp:attachment":[{"href":"https:\/\/arganie.net\/pl\/wp-json\/wp\/v2\/media?parent=614"}],"curies":[{"name":"wp","href":"https:\/\/api.w.org\/{rel}","templated":true}]}}