{"id":3,"date":"2023-12-08T15:49:51","date_gmt":"2023-12-08T15:49:51","guid":{"rendered":"https:\/\/arganie.divoti.pl\/?page_id=3"},"modified":"2024-01-19T13:12:12","modified_gmt":"2024-01-19T13:12:12","slug":"privacy-policy","status":"publish","type":"page","link":"https:\/\/arganie.net\/pl\/privacy-policy\/","title":{"rendered":"Polityka prywatno\u015bci"},"content":{"rendered":"<p>Niniejsza polityka prywatno\u015bci okre\u015bla, w jaki spos\u00f3b wykorzystujemy i chronimy wszelkie informacje, kt\u00f3re nam przekazujesz podczas korzystania z tej witryny.<br>Dok\u0142adamy wszelkich stara\u0144, aby zapewni\u0107 ochron\u0119 prywatno\u015bci u\u017cytkownik\u00f3w. Je\u015bli poprosimy Ci\u0119 o podanie pewnych informacji, dzi\u0119ki kt\u00f3rym mo\u017cesz zosta\u0107 zidentyfikowany podczas korzystania z tej witryny, mo\u017cesz mie\u0107 pewno\u015b\u0107, \u017ce zostan\u0105 one wykorzystane wy\u0142\u0105cznie zgodnie z niniejszym o\u015bwiadczeniem o ochronie prywatno\u015bci.<\/p>\n\n\n\n<p>Mo\u017cemy zmieni\u0107 t\u0119 polityk\u0119, aktualizuj\u0105c t\u0119 stron\u0119.Powiniene\u015b sprawdza\u0107 t\u0119 stron\u0119 od czasu do czasu, aby upewni\u0107 si\u0119, \u017ce zgadzasz si\u0119 z wszelkimi zmianami. Niniejsza polityka obowi\u0105zuje od 28 wrze\u015bnia 2022 r.<\/p>\n\n\n\n<p>1. Mo\u017cemy gromadzi\u0107 nast\u0119puj\u0105ce informacje:<\/p>\n\n\n\n<ul class=\"wp-block-list\">\n<li>imi\u0119, nazwisko.&nbsp;<\/li>\n\n\n\n<li>informacje kontaktowe, w tym adres e-mail, numer telefonu, adres.<\/li>\n<\/ul>\n\n\n\n<p>2. Wymagamy tych informacji, aby zrozumie\u0107 potrzeby u\u017cytkownika i zapewni\u0107 mu lepsz\u0105 obs\u0142ug\u0119, a w szczeg\u00f3lno\u015bci z nast\u0119puj\u0105cych powod\u00f3w:<\/p>\n\n\n\n<ul class=\"wp-block-list\">\n<li>Podczas zakup\u00f3w na naszej stronie internetowej w celu dostarczenia produkt\u00f3w.<\/li>\n\n\n\n<li>Subskrybujesz nasz biuletyn<\/li>\n\n\n\n<li>Mo\u017cemy wykorzystywa\u0107 te informacje w celu ulepszania naszych produkt\u00f3w i us\u0142ug.<\/li>\n<\/ul>\n\n\n\n<p>3. Bezpiecze\u0144stwo<\/p>\n\n\n\n<p>Dok\u0142adamy wszelkich stara\u0144, aby zapewni\u0107 bezpiecze\u0144stwo danych u\u017cytkownik\u00f3w. Nie sprzedajemy, nie wypo\u017cyczamy ani nie dzier\u017cawimy naszych list klient\u00f3w stronom trzecim.<\/p>\n\n\n\n<p>4. Jak u\u017cywamy plik\u00f3w cookie<\/p>\n\n\n\n<p>Plik cookie to niewielki plik, kt\u00f3ry prosi o zgod\u0119 na umieszczenie na dysku twardym komputera.Po wyra\u017ceniu zgody plik jest dodawany, a plik cookie pomaga analizowa\u0107 ruch internetowy lub informuje u\u017cytkownika, kiedy odwiedza okre\u015blon\u0105 witryn\u0119. Pliki cookie pozwalaj\u0105 aplikacjom internetowym reagowa\u0107 na u\u017cytkownika indywidualnie. Aplikacja internetowa mo\u017ce dostosowa\u0107 swoje dzia\u0142anie do potrzeb, upodoba\u0144 i preferencji u\u017cytkownika poprzez gromadzenie i zapami\u0119tywanie informacji o jego preferencjach.<\/p>\n\n\n\n<p>U\u017cywamy plik\u00f3w cookie dziennika ruchu, aby zidentyfikowa\u0107, kt\u00f3re strony s\u0105 u\u017cywane.Pomaga nam to analizowa\u0107 dane dotycz\u0105ce ruchu na stronach internetowych i ulepsza\u0107 nasz\u0105 witryn\u0119 w celu dostosowania jej do potrzeb klient\u00f3w.U\u017cywamy tych informacji wy\u0142\u0105cznie do cel\u00f3w analizy statystycznej, a nast\u0119pnie dane s\u0105 usuwane z systemu.<\/p>\n\n\n\n<p>Og\u00f3lnie rzecz bior\u0105c, pliki cookie pomagaj\u0105 nam zapewni\u0107 lepsz\u0105 witryn\u0119 internetow\u0105, umo\u017cliwiaj\u0105c nam monitorowanie, kt\u00f3re strony s\u0105 przydatne, a kt\u00f3re nie.Plik cookie w \u017caden spos\u00f3b nie daje nam dost\u0119pu do komputera u\u017cytkownika ani \u017cadnych informacji o nim, poza danymi, kt\u00f3re u\u017cytkownik zdecyduje si\u0119 nam udost\u0119pni\u0107.<\/p>\n\n\n\n<p>U\u017cytkownik mo\u017ce zaakceptowa\u0107 lub odrzuci\u0107 pliki cookie.Wi\u0119kszo\u015b\u0107 przegl\u0105darek internetowych automatycznie akceptuje pliki cookie, ale zazwyczaj mo\u017cna zmodyfikowa\u0107 ustawienia przegl\u0105darki, aby odrzuci\u0107 pliki cookie, je\u015bli wolisz. Mo\u017ce to uniemo\u017cliwi\u0107 pe\u0142ne korzystanie z witryny.<\/p>\n\n\n\n<p>6.Kontrola danych osobowych u\u017cytkownika<\/p>\n\n\n\n<ul class=\"wp-block-list\">\n<li>je\u015bli u\u017cytkownik wyrazi\u0142 wcze\u015bniej zgod\u0119 na wykorzystywanie przez nas jego danych osobowych, mo\u017ce zmieni\u0107 zdanie w dowolnym momencie, pisz\u0105c do nas lub wysy\u0142aj\u0105c wiadomo\u015b\u0107 e-mail.<\/li>\n<\/ul>\n\n\n\n<p><\/p>","protected":false},"excerpt":{"rendered":"<p>This privacy policy sets out how we use and protect any information that you give us when you use this website.We are committed to ensuring that your privacy is protected. Should we ask you to provide certain information by which you can be identified when using this website, then you can be assured that it [&hellip;]<\/p>\n","protected":false},"author":1,"featured_media":0,"parent":0,"menu_order":0,"comment_status":"closed","ping_status":"closed","template":"","meta":{"_gspb_post_css":"","footnotes":""},"class_list":["post-3","page","type-page","status-publish","hentry"],"blocksy_meta":[],"_links":{"self":[{"href":"https:\/\/arganie.net\/pl\/wp-json\/wp\/v2\/pages\/3","targetHints":{"allow":["GET"]}}],"collection":[{"href":"https:\/\/arganie.net\/pl\/wp-json\/wp\/v2\/pages"}],"about":[{"href":"https:\/\/arganie.net\/pl\/wp-json\/wp\/v2\/types\/page"}],"author":[{"embeddable":true,"href":"https:\/\/arganie.net\/pl\/wp-json\/wp\/v2\/users\/1"}],"replies":[{"embeddable":true,"href":"https:\/\/arganie.net\/pl\/wp-json\/wp\/v2\/comments?post=3"}],"version-history":[{"count":2,"href":"https:\/\/arganie.net\/pl\/wp-json\/wp\/v2\/pages\/3\/revisions"}],"predecessor-version":[{"id":712,"href":"https:\/\/arganie.net\/pl\/wp-json\/wp\/v2\/pages\/3\/revisions\/712"}],"wp:attachment":[{"href":"https:\/\/arganie.net\/pl\/wp-json\/wp\/v2\/media?parent=3"}],"curies":[{"name":"wp","href":"https:\/\/api.w.org\/{rel}","templated":true}]}}