{"id":169,"date":"2023-12-19T18:18:49","date_gmt":"2023-12-19T18:18:49","guid":{"rendered":"https:\/\/arganie.divoti.pl\/?page_id=169"},"modified":"2024-01-17T19:09:58","modified_gmt":"2024-01-17T19:09:58","slug":"visit-us","status":"publish","type":"page","link":"https:\/\/arganie.net\/pl\/visit-us\/","title":{"rendered":"Odwied\u017a nas"},"content":{"rendered":"<h1 id=\"gspb_heading-id-gsbp-73d7b674-1ba5\" class=\"MainHeader gspb_heading gspb_heading-id-gsbp-73d7b674-1ba5\">Odwied\u017a nas<\/h1>\n\n\n\n<div class=\"wp-block-greenshift-blocks-row gspb_row gspb_row-id-gsbp-4e7079da-a1fe\" id=\"gspb_row-id-gsbp-4e7079da-a1fe\"><div class=\"gspb_backgroundOverlay\"><\/div><div class=\"gspb_row__content\"> \n<div class=\"wp-block-greenshift-blocks-row-column gspb_row__col--6 gspb_col-id-gsbp-ff444916-8a75\" id=\"gspb_col-id-gsbp-ff444916-8a75\">\n<h3 id=\"gspb_heading-id-gsbp-5ce145b8-2a8a\" class=\"gspb_heading gspb_heading-id-gsbp-5ce145b8-2a8a\">Odwied\u017a nasze sklepy<\/h3>\n\n\n\n<div class=\"wp-block-greenshift-blocks-iconlist gspb_iconsList gspb_iconsList-id-gsbp-c66f45d6-d3c4\" id=\"gspb_iconsList-id-gsbp-c66f45d6-d3c4\"><div class=\"gspb_iconsList__item\" data-id=\"0\"><svg class=\"\" style=\"display:inline-block;vertical-align:middle\" width=\"18\" height=\"18\" viewbox=\"0 0 1024 1024\" xmlns=\"http:\/\/www.w3.org\/2000\/svg\"><path style=\"fill:#565D66\" d=\"M871.696 166.932l-526.088 526.088-193.304-193.304c-9.372-9.372-24.568-9.372-33.942 0l-56.568 56.568c-9.372 9.372-9.372 24.568 0 33.942l266.842 266.842c9.372 9.372 24.568 9.372 33.942 0l599.626-599.626c9.372-9.372 9.372-24.568 0-33.942l-56.568-56.568c-9.372-9.372-24.568-9.372-33.94 0z\"><\/path><\/svg><span class=\"gspb_iconsList__item__text\">Rue des Banques 45, Jemma el fna, Medyna, Marakesz<\/span><\/div><div class=\"gspb_iconsList__item\" data-id=\"1\"><svg class=\"\" style=\"display:inline-block;vertical-align:middle\" width=\"18\" height=\"18\" viewbox=\"0 0 1024 1024\" xmlns=\"http:\/\/www.w3.org\/2000\/svg\"><path style=\"fill:#565D66\" d=\"M871.696 166.932l-526.088 526.088-193.304-193.304c-9.372-9.372-24.568-9.372-33.942 0l-56.568 56.568c-9.372 9.372-9.372 24.568 0 33.942l266.842 266.842c9.372 9.372 24.568 9.372 33.942 0l599.626-599.626c9.372-9.372 9.372-24.568 0-33.942l-56.568-56.568c-9.372-9.372-24.568-9.372-33.94 0z\"><\/path><\/svg><span class=\"gspb_iconsList__item__text\">Rahba Kedima (Place des epices) 101 Medyna, Marakesz<\/span><\/div><\/div>\n\n\n\n<h3 id=\"gspb_heading-id-gsbp-34939d44-9c50\" class=\"gspb_heading gspb_heading-id-gsbp-34939d44-9c50\">Odwied\u017a nasz\u0105 pracowni\u0119<\/h3>\n\n\n\n<div class=\"wp-block-greenshift-blocks-iconlist gspb_iconsList gspb_iconsList-id-gsbp-55b40aef-1daf\" id=\"gspb_iconsList-id-gsbp-55b40aef-1daf\"><div class=\"gspb_iconsList__item\" data-id=\"0\"><svg class=\"\" style=\"display:inline-block;vertical-align:middle\" width=\"18\" height=\"18\" viewbox=\"0 0 1024 1024\" xmlns=\"http:\/\/www.w3.org\/2000\/svg\"><path style=\"fill:#565D66\" d=\"M871.696 166.932l-526.088 526.088-193.304-193.304c-9.372-9.372-24.568-9.372-33.942 0l-56.568 56.568c-9.372 9.372-9.372 24.568 0 33.942l266.842 266.842c9.372 9.372 24.568 9.372 33.942 0l599.626-599.626c9.372-9.372 9.372-24.568 0-33.942l-56.568-56.568c-9.372-9.372-24.568-9.372-33.94 0z\"><\/path><\/svg><span class=\"gspb_iconsList__item__text\">Draa Ayt Kdour km 22 Route Ourika Marakesz<\/span><\/div><\/div>\n\n\n\n<h3 id=\"gspb_heading-id-gsbp-4acb3062-d278\" class=\"gspb_heading gspb_heading-id-gsbp-4acb3062-d278\">Znajd\u017a nas<\/h3>\n\n\n<div class=\"gspb_id-gsbp-3056c77 wp-block-greenshift-blocks-map\"><div data-key=\"gspb_id_gsbp_3056c77\" class=\"gspb_map-wrapper gspb_osmap\" id=\"gspb_map-gsbp-3056c77\"><\/div><\/div>\n\n\n<h3 id=\"gspb_heading-id-gsbp-63ee02e3-9c25\" class=\"gspb_heading gspb_heading-id-gsbp-63ee02e3-9c25\">Obserwuj nas<\/h3>\n\n\n\n<div class=\"wp-block-greenshift-blocks-container gspb_container gspb_container-gsbp-0ffbbce\" id=\"gspb_container-id-gsbp-0ffbbce\">\n<div class=\"wp-block-greenshift-blocks-iconbox gspb_iconBox gspb_iconBox-id-gsbp-585b395\" id=\"gspb_iconBox-id-gsbp-585b395\"><div class=\"gspb_iconBox__wrapper\" style=\"display:inline-flex\"><svg class=\"\" style=\"display:inline-block;vertical-align:middle\" width=\"72\" height=\"72\" viewbox=\"0 0 1024 1024\" xmlns=\"http:\/\/www.w3.org\/2000\/svg\"><path style=\"fill:#565D66\" d=\"M1008 512c0-274-222-496-496-496s-496 222-496 496c0 247.56 181.38 452.76 418.5 490v-346.62h-126v-143.38h126v-109.28c0-124.3 74-192.96 187.34-192.96 54.28 0 111.040 9.68 111.040 9.68v122h-62.56c-61.6 0-80.82 38.24-80.82 77.46v93.1h137.56l-22 143.38h-115.56v346.62c237.12-37.24 418.5-242.44 418.5-490z\"><\/path><\/svg><\/div><\/div>\n\n\n\n<div class=\"wp-block-greenshift-blocks-iconbox gspb_iconBox gspb_iconBox-id-gsbp-628b4c4\" id=\"gspb_iconBox-id-gsbp-628b4c4\"><div class=\"gspb_iconBox__wrapper\" style=\"display:inline-flex\"><svg class=\"\" style=\"display:inline-block;vertical-align:middle\" width=\"72\" height=\"72\" viewbox=\"0 0 896 1024\" xmlns=\"http:\/\/www.w3.org\/2000\/svg\"><path style=\"fill:#565D66\" d=\"M448.2 282c-127.2 0-229.8 102.6-229.8 229.8s102.6 229.8 229.8 229.8 229.8-102.6 229.8-229.8-102.6-229.8-229.8-229.8zM448.2 661.2c-82.2 0-149.4-67-149.4-149.4s67-149.4 149.4-149.4 149.4 67 149.4 149.4-67.2 149.4-149.4 149.4zM741 272.6c0 29.8-24 53.6-53.6 53.6-29.8 0-53.6-24-53.6-53.6s24-53.6 53.6-53.6 53.6 24 53.6 53.6zM893.2 327c-3.4-71.8-19.8-135.4-72.4-187.8-52.4-52.4-116-68.8-187.8-72.4-74-4.2-295.8-4.2-369.8 0-71.6 3.4-135.2 19.8-187.8 72.2s-68.8 116-72.4 187.8c-4.2 74-4.2 295.8 0 369.8 3.4 71.8 19.8 135.4 72.4 187.8s116 68.8 187.8 72.4c74 4.2 295.8 4.2 369.8 0 71.8-3.4 135.4-19.8 187.8-72.4 52.4-52.4 68.8-116 72.4-187.8 4.2-74 4.2-295.6 0-369.6zM797.6 776c-15.6 39.2-45.8 69.4-85.2 85.2-59 23.4-199 18-264.2 18s-205.4 5.2-264.2-18c-39.2-15.6-69.4-45.8-85.2-85.2-23.4-59-18-199-18-264.2s-5.2-205.4 18-264.2c15.6-39.2 45.8-69.4 85.2-85.2 59-23.4 199-18 264.2-18s205.4-5.2 264.2 18c39.2 15.6 69.4 45.8 85.2 85.2 23.4 59 18 199 18 264.2s5.4 205.4-18 264.2z\"><\/path><\/svg><\/div><\/div>\n<\/div>\n<\/div>\n\n\n\n<div class=\"wp-block-greenshift-blocks-row-column gspb_row__col--6 gspb_col-id-gsbp-f69f9326-7c6b\" id=\"gspb_col-id-gsbp-f69f9326-7c6b\">\n<div class=\"wp-block-greenshift-blocks-container gspb_container gspb_container-gsbp-9694f8af-46a1\" id=\"gspb_container-id-gsbp-9694f8af-46a1\">\n<h2 id=\"gspb_heading-id-gsbp-0fead0f9-ae03\" class=\"gspb_heading gspb_heading-id-gsbp-0fead0f9-ae03\">Odezwij si\u0119 do nas<\/h2>\n\n\n\n<div class=\"wp-block-greenshift-blocks-container gspb_container gspb_container-gsbp-dacb97d9-7fc6\" id=\"gspb_container-id-gsbp-dacb97d9-7fc6\">\n<div class=\"wp-block-greenshift-blocks-iconbox gspb_iconBox gspb_iconBox-id-gsbp-6c78bc82-9db7\" id=\"gspb_iconBox-id-gsbp-6c78bc82-9db7\"><div class=\"gspb_iconBox__wrapper\" style=\"display:inline-flex\"><svg ariahidden=\"true\" style=\"width:5rem;height:5rem;margin:10px\" class=\"e-font-icon-svg e-far-building\" viewbox=\"0 0 448 512\" xmlns=\"http:\/\/www.w3.org\/2000\/svg\"><path d=\"M128 148v-40c0-6.6 5.4-12 12-12h40c6.6 0 12 5.4 12 12v40c0 6.6-5.4 12-12 12h-40c-6.6 0-12-5.4-12-12zm140 12h40c6.6 0 12-5.4 12-12v-40c0-6.6-5.4-12-12-12h-40c-6.6 0-12 5.4-12 12v40c0 6.6 5.4 12 12 12zm-128 96h40c6.6 0 12-5.4 12-12v-40c0-6.6-5.4-12-12-12h-40c-6.6 0-12 5.4-12 12v40c0 6.6 5.4 12 12 12zm128 0h40c6.6 0 12-5.4 12-12v-40c0-6.6-5.4-12-12-12h-40c-6.6 0-12 5.4-12 12v40c0 6.6 5.4 12 12 12zm-76 84v-40c0-6.6-5.4-12-12-12h-40c-6.6 0-12 5.4-12 12v40c0 6.6 5.4 12 12 12h40c6.6 0 12-5.4 12-12zm76 12h40c6.6 0 12-5.4 12-12v-40c0-6.6-5.4-12-12-12h-40c-6.6 0-12 5.4-12 12v40c0 6.6 5.4 12 12 12zm180 124v36H0v-36c0-6.6 5.4-12 12-12h19.5V24c0-13.3 10.7-24 24-24h337c13.3 0 24 10.7 24 24v440H436c6.6 0 12 5.4 12 12zM79.5 463H192v-67c0-6.6 5.4-12 12-12h40c6.6 0 12 5.4 12 12v67h112.5V49L80 48l-.5 415z\"><\/path><\/svg><\/div><\/div>\n\n\n\n<h3 id=\"gspb_heading-id-gsbp-b0878119-c0f0\" class=\"gspb_heading gspb_heading-id-gsbp-b0878119-c0f0\">Spotkajmy si\u0119<span class=\"gspb_heading_subtitle\">Rue des Banques 45, Jemma el fna, Medyna, Marakesz<\/span><\/h3>\n<\/div>\n\n\n\n<div class=\"wp-block-greenshift-blocks-container gspb_container gspb_container-gsbp-b2bdb61a-d972\" id=\"gspb_container-id-gsbp-b2bdb61a-d972\">\n<div class=\"wp-block-greenshift-blocks-iconbox gspb_iconBox gspb_iconBox-id-gsbp-ca11420b-3bde\" id=\"gspb_iconBox-id-gsbp-ca11420b-3bde\"><div class=\"gspb_iconBox__wrapper\" style=\"display:inline-flex\"><svg class=\"\" style=\"display:inline-block;vertical-align:middle\" width=\"72\" height=\"72\" viewbox=\"0 0 640 1024\" xmlns=\"http:\/\/www.w3.org\/2000\/svg\"><path style=\"fill:#565D66\" d=\"M544 0h-448c-53 0-96 43-96 96v832c0 53 43 96 96 96h448c53 0 96-43 96-96v-832c0-53-43-96-96-96zM416 904c0 13.2-10.8 24-24 24h-144c-13.2 0-24-10.8-24-24v-16c0-13.2 10.8-24 24-24h144c13.2 0 24 10.8 24 24v16zM544 744c0 13.2-10.8 24-24 24h-400c-13.2 0-24-10.8-24-24v-624c0-13.2 10.8-24 24-24h400c13.2 0 24 10.8 24 24v624z\"><\/path><\/svg><\/div><\/div>\n\n\n\n<h3 id=\"gspb_heading-id-gsbp-affcf5af-2c73\" class=\"gspb_heading gspb_heading-id-gsbp-affcf5af-2c73\">Telefon i Whatsapp<span class=\"gspb_heading_subtitle\">+212 (0) 661571318<\/span><\/h3>\n<\/div>\n\n\n\n<div class=\"wp-block-greenshift-blocks-container gspb_container gspb_container-gsbp-18bc7804-10a4\" id=\"gspb_container-id-gsbp-18bc7804-10a4\">\n<div class=\"wp-block-greenshift-blocks-iconbox gspb_iconBox gspb_iconBox-id-gsbp-e22c0df6-8b05\" id=\"gspb_iconBox-id-gsbp-e22c0df6-8b05\"><div class=\"gspb_iconBox__wrapper\" style=\"display:inline-flex\"><svg class=\"\" style=\"display:inline-block;vertical-align:middle\" width=\"72\" height=\"72\" viewbox=\"0 0 1024 1024\" xmlns=\"http:\/\/www.w3.org\/2000\/svg\"><path style=\"fill:#565D66\" d=\"M928 128h-832c-53 0-96 43-96 96v576c0 53 43 96 96 96h832c53 0 96-43 96-96v-576c0-53-43-96-96-96zM96 192h832c17.6 0 32 14.4 32 32v82.8c-43.8 37-106.4 88-301.2 242.6-33.8 26.8-100.4 91.4-146.8 90.6-46.4 0.8-113.2-63.8-146.8-90.6-194.8-154.6-257.4-205.6-301.2-242.6v-82.8c0-17.6 14.4-32 32-32zM928 832h-832c-17.6 0-32-14.4-32-32v-410c45.6 37.4 117.6 95.2 261.4 209.4 41 32.8 113.4 105 186.6 104.6 72.8 0.6 144.6-71 186.6-104.6 143.8-114.2 215.8-172 261.4-209.4v410c0 17.6-14.4 32-32 32z\"><\/path><\/svg><\/div><\/div>\n\n\n\n<h3 id=\"gspb_heading-id-gsbp-ab6ffe32-2c07\" class=\"gspb_heading gspb_heading-id-gsbp-ab6ffe32-2c07\">Email<span class=\"gspb_heading_subtitle\">arganie.yj@gmail.com<\/span><\/h3>\n<\/div>\n<\/div>\n<\/div>\n <\/div><\/div>","protected":false},"excerpt":{"rendered":"","protected":false},"author":1,"featured_media":0,"parent":0,"menu_order":0,"comment_status":"closed","ping_status":"closed","template":"","meta":{"_gspb_post_css":"#gspb_heading-id-gsbp-34939d44-9c50,#gspb_heading-id-gsbp-4acb3062-d278,#gspb_heading-id-gsbp-5ce145b8-2a8a,#gspb_heading-id-gsbp-63ee02e3-9c25{color:var(--wp--preset--color--palette-color-7, var(--theme-palette-color-7, #ffffff))}#gspb_iconsList-id-gsbp-c66f45d6-d3c4.gspb_iconsList .gspb_iconsList__item__text{margin-left:15px}#gspb_iconsList-id-gsbp-c66f45d6-d3c4.gspb_iconsList .gspb_iconsList__item{display:flex;flex-direction:row;align-items:center;position:relative;color:var(--wp--preset--color--palette-color-7, var(--theme-palette-color-7, #ffffff));margin-bottom:1rem}#gspb_iconsList-id-gsbp-c66f45d6-d3c4.gspb_iconsList .gspb_iconsList__item svg path{fill:var(--wp--preset--color--palette-color-5, var(--theme-palette-color-5, #eaeaec))!important}#gspb_iconsList-id-gsbp-c66f45d6-d3c4.gspb_iconsList [data-id='0'] svg,#gspb_iconsList-id-gsbp-c66f45d6-d3c4.gspb_iconsList [data-id='0'] svg path{fill:var(--wp--preset--color--palette-color-7, var(--theme-palette-color-7, #ffffff))!important}#gspb_iconBox-id-gsbp-6c78bc82-9db7 .gspb_iconBox__wrapper,#gspb_iconsList-id-gsbp-c66f45d6-d3c4.gspb_iconsList [data-id='0'] svg,body #gspb_iconsList-id-gsbp-55b40aef-1daf.gspb_iconsList .gspb_iconsList__item img,body #gspb_iconsList-id-gsbp-55b40aef-1daf.gspb_iconsList .gspb_iconsList__item svg,body #gspb_iconsList-id-gsbp-c66f45d6-d3c4.gspb_iconsList .gspb_iconsList__item img,body #gspb_iconsList-id-gsbp-c66f45d6-d3c4.gspb_iconsList .gspb_iconsList__item svg{margin:0!important}#gspb_iconsList-id-gsbp-c66f45d6-d3c4.gspb_iconsList [data-id='1'] svg,#gspb_iconsList-id-gsbp-c66f45d6-d3c4.gspb_iconsList [data-id='1'] svg path{fill:var(--wp--preset--color--palette-color-7, var(--theme-palette-color-7, #ffffff))!important}#gspb_iconsList-id-gsbp-c66f45d6-d3c4.gspb_iconsList [data-id='1'] svg{margin:0!important}#gspb_iconsList-id-gsbp-55b40aef-1daf.gspb_iconsList .gspb_iconsList__item__text{margin-left:15px}#gspb_iconsList-id-gsbp-55b40aef-1daf.gspb_iconsList .gspb_iconsList__item{display:flex;flex-direction:row;align-items:center;position:relative;color:var(--wp--preset--color--palette-color-7, var(--theme-palette-color-7, #ffffff));margin-bottom:1rem}#gspb_iconsList-id-gsbp-55b40aef-1daf.gspb_iconsList .gspb_iconsList__item svg path{fill:var(--wp--preset--color--palette-color-5, var(--theme-palette-color-5, #eaeaec))!important}#gspb_iconsList-id-gsbp-55b40aef-1daf.gspb_iconsList [data-id='0'] svg,#gspb_iconsList-id-gsbp-55b40aef-1daf.gspb_iconsList [data-id='0'] svg path{fill:var(--wp--preset--color--palette-color-7, var(--theme-palette-color-7, #ffffff))!important}#gspb_iconsList-id-gsbp-55b40aef-1daf.gspb_iconsList [data-id='0'] svg{margin:0!important}#gspb_iconBox-id-gsbp-585b395 svg{height:45px!important;width:45px!important;min-width:45px!important}#gspb_iconBox-id-gsbp-585b395,#gspb_iconBox-id-gsbp-628b4c4{justify-content:center;display:flex}#gspb_iconBox-id-gsbp-585b395 svg,#gspb_iconBox-id-gsbp-585b395 svg path{fill:var(--wp--preset--color--palette-color-5, var(--theme-palette-color-5, #eaeaec))!important}#gspb_iconBox-id-gsbp-585b395 svg{margin:0!important}#gspb_iconBox-id-gsbp-585b395 svg:hover,#gspb_iconBox-id-gsbp-585b395 svg:hover path{fill:#0065fe!important}#gspb_iconBox-id-gsbp-628b4c4 svg{height:45px!important;width:45px!important;min-width:45px!important;margin:0!important}#gspb_iconBox-id-gsbp-628b4c4 svg,#gspb_iconBox-id-gsbp-628b4c4 svg path{fill:var(--wp--preset--color--palette-color-5, var(--theme-palette-color-5, #eaeaec))!important}#gspb_iconBox-id-gsbp-628b4c4 svg:hover,#gspb_iconBox-id-gsbp-628b4c4 svg:hover path{fill:#e9046f!important}#gspb_heading-id-gsbp-0fead0f9-ae03{color:var(--wp--preset--color--palette-color-10, var(--theme-palette-color-10, #603814));margin-top:0;margin-bottom:2rem;padding-bottom:1rem;border-bottom-style:solid;border-bottom-width:1px;border-bottom-color:var(--wp--preset--color--palette-color-6, var(--theme-palette-color-6, #f4f4f5))}#gspb_iconBox-id-gsbp-6c78bc82-9db7 svg{width:72px;height:1.5rem!important;width:1.5rem!important;min-width:1.5rem!important}#gspb_iconBox-id-gsbp-6c78bc82-9db7{justify-content:center;display:flex}@media (max-width:575.98px){#gspb_iconBox-id-gsbp-6c78bc82-9db7 svg{height:1rem!important;width:1rem!important;min-width:1rem!important}}#gspb_iconBox-id-gsbp-6c78bc82-9db7 svg,#gspb_iconBox-id-gsbp-6c78bc82-9db7 svg path{fill:var(--wp--preset--color--palette-color-7, var(--theme-palette-color-7, #ffffff))!important}#gspb_iconBox-id-gsbp-6c78bc82-9db7 svg{margin:0!important}#gspb_iconBox-id-gsbp-6c78bc82-9db7 .gspb_iconBox__wrapper{background-color:var(--wp--preset--color--palette-color-10, var(--theme-palette-color-10, #603814));border-radius:50%;padding:1rem}#gspb_heading-id-gsbp-b0878119-c0f0{color:var(--wp--preset--color--palette-color-10, var(--theme-palette-color-10, #603814));margin-top:0;padding-left:1rem}#gspb_heading-id-gsbp-b0878119-c0f0 .gspb_heading_subtitle,#gspb_subheading-id-gsbp-b0878119-c0f0{display:block;font-size:17px;line-height:22px;margin-top:5px;font-weight:400!important}#gspb_iconBox-id-gsbp-ca11420b-3bde svg{width:72px;height:1.5rem!important;width:1.5rem!important;min-width:1.5rem!important}#gspb_iconBox-id-gsbp-ca11420b-3bde{justify-content:center;display:flex}@media (max-width:575.98px){#gspb_iconBox-id-gsbp-ca11420b-3bde svg{height:1rem!important;width:1rem!important;min-width:1rem!important}}#gspb_iconBox-id-gsbp-ca11420b-3bde svg,#gspb_iconBox-id-gsbp-ca11420b-3bde svg path{fill:var(--wp--preset--color--palette-color-7, var(--theme-palette-color-7, #ffffff))!important}#gspb_iconBox-id-gsbp-ca11420b-3bde svg{margin:0!important}#gspb_iconBox-id-gsbp-ca11420b-3bde .gspb_iconBox__wrapper{margin:0!important;background-color:var(--wp--preset--color--palette-color-10, var(--theme-palette-color-10, #603814));border-radius:50%;padding:1rem}#gspb_heading-id-gsbp-affcf5af-2c73{color:var(--wp--preset--color--palette-color-10, var(--theme-palette-color-10, #603814));margin-top:0;padding-left:1rem}#gspb_heading-id-gsbp-affcf5af-2c73 .gspb_heading_subtitle,#gspb_subheading-id-gsbp-affcf5af-2c73{display:block;font-size:17px;line-height:22px;margin-top:5px;font-weight:400!important}#gspb_iconBox-id-gsbp-e22c0df6-8b05 svg{width:72px;height:1.5rem!important;width:1.5rem!important;min-width:1.5rem!important}#gspb_iconBox-id-gsbp-e22c0df6-8b05{justify-content:center;display:flex}@media (max-width:575.98px){#gspb_iconBox-id-gsbp-e22c0df6-8b05 svg{height:1rem!important;width:1rem!important;min-width:1rem!important}}#gspb_iconBox-id-gsbp-e22c0df6-8b05 svg,#gspb_iconBox-id-gsbp-e22c0df6-8b05 svg path{fill:var(--wp--preset--color--palette-color-7, var(--theme-palette-color-7, #ffffff))!important}#gspb_iconBox-id-gsbp-e22c0df6-8b05 svg{margin:0!important}#gspb_iconBox-id-gsbp-e22c0df6-8b05 .gspb_iconBox__wrapper{margin:0!important;background-color:var(--wp--preset--color--palette-color-10, var(--theme-palette-color-10, #603814));border-radius:50%;padding:1rem}#gspb_heading-id-gsbp-ab6ffe32-2c07{color:var(--wp--preset--color--palette-color-10, var(--theme-palette-color-10, #603814));margin-top:0;padding-left:1rem}#gspb_heading-id-gsbp-ab6ffe32-2c07 .gspb_heading_subtitle,#gspb_subheading-id-gsbp-ab6ffe32-2c07{display:block;font-size:17px;line-height:22px;margin-top:5px;font-weight:400!important}#gspb_row-id-gsbp-4e7079da-a1fe{justify-content:space-between;margin-top:0;margin-bottom:0;display:flex;flex-wrap:wrap;padding-top:3rem;padding-bottom:3rem;background-size:cover;background-repeat:no-repeat;background-image:url(https:\/\/arganie.net\/wp-content\/uploads\/argan_amlou.jpg);background-attachment:fixed;isolation:isolate}#gspb_row-id-gsbp-4e7079da-a1fe>.gspb_row__content{display:flex;justify-content:space-between;margin:0 auto;width:100%;flex-wrap:wrap}.gspb_row{position:relative}div[id^=gspb_col-id]{padding:15px min(3vw,20px);box-sizing:border-box;position:relative}body.gspb-bodyfront #gspb_row-id-gsbp-4e7079da-a1fe>.gspb_row__content{width:var(--theme-container-width, 1200px);max-width:var(--theme-normal-container-max-width, 1200px)}#gspb_row-id-gsbp-4e7079da-a1fe:hover{background-size:cover}#gspb_row-id-gsbp-4e7079da-a1fe>.gspb_backgroundOverlay{position:absolute;top:0;left:0;width:100%;height:100%;z-index:-1;opacity:.8;background-color:var(--wp--preset--color--palette-color-3, var(--theme-palette-color-3, #3f4245))}#gspb_col-id-gsbp-ff444916-8a75.gspb_row__col--6{width:50%}@media (max-width:575.98px){#gspb_col-id-gsbp-ff444916-8a75.gspb_row__col--6{width:100%}}.gspb_row #gspb_col-id-gsbp-ff444916-8a75.gspb_row__col--6{padding-left:10%}@media (max-width:991.98px){.gspb_row #gspb_col-id-gsbp-ff444916-8a75.gspb_row__col--6{padding-left:2rem}}#gspb_col-id-gsbp-ff444916-8a75.gspb_row__col--6{flex-direction:column}body #gspb_col-id-gsbp-f69f9326-7c6b.gspb_row__col--6,body #gspb_col-id-gsbp-ff444916-8a75.gspb_row__col--6{display:flex}.gspb_container-id-gsbp-0ffbbce{flex-direction:column;box-sizing:border-box}#gspb_container-id-gsbp-0ffbbce.gspb_container>p:last-of-type,#gspb_container-id-gsbp-18bc7804-10a4.gspb_container>p:last-of-type,#gspb_container-id-gsbp-9694f8af-46a1.gspb_container>p:last-of-type,#gspb_container-id-gsbp-b2bdb61a-d972.gspb_container>p:last-of-type,#gspb_container-id-gsbp-dacb97d9-7fc6.gspb_container>p:last-of-type{margin-bottom:0}#gspb_container-id-gsbp-0ffbbce.gspb_container{display:flex;flex-direction:row;justify-content:flex-start;align-content:center;align-items:center;column-gap:2rem}#gspb_col-id-gsbp-f69f9326-7c6b.gspb_row__col--6{width:50%}@media (max-width:575.98px){#gspb_col-id-gsbp-f69f9326-7c6b.gspb_row__col--6{width:100%}}.gspb_row #gspb_col-id-gsbp-f69f9326-7c6b.gspb_row__col--6{padding-right:10%}@media (max-width:991.98px){.gspb_row #gspb_col-id-gsbp-f69f9326-7c6b.gspb_row__col--6{padding-right:2rem}}@media (max-width:575.98px){.gspb_row #gspb_col-id-gsbp-f69f9326-7c6b.gspb_row__col--6{padding-right:1rem;padding-bottom:0;padding-left:1rem}}#gspb_col-id-gsbp-f69f9326-7c6b.gspb_row__col--6{flex-direction:column}.gspb_container-id-gsbp-9694f8af-46a1{flex-direction:column;box-sizing:border-box}#gspb_container-id-gsbp-9694f8af-46a1.gspb_container{margin-bottom:0;padding:2rem}@media (max-width:991.98px){#gspb_container-id-gsbp-9694f8af-46a1.gspb_container{padding-top:0;padding-right:2rem;padding-bottom:0;padding-left:2rem}}@media (max-width:575.98px){#gspb_container-id-gsbp-9694f8af-46a1.gspb_container{padding:1rem}}#gspb_container-id-gsbp-9694f8af-46a1.gspb_container,#gspb_container-id-gsbp-9694f8af-46a1.gspb_container>.gspb_backgroundOverlay{border-top-left-radius:.5rem;border-top-right-radius:.5rem;border-bottom-right-radius:.5rem;border-bottom-left-radius:.5rem}@media (max-width:991.98px){#gspb_container-id-gsbp-9694f8af-46a1.gspb_container{border-top-left-radius:.5rem;border-top-right-radius:.5rem;border-bottom-right-radius:.5rem;border-bottom-left-radius:.5rem}}@media (max-width:991.98px){#gspb_container-id-gsbp-9694f8af-46a1.gspb_container>.gspb_backgroundOverlay{border-top-left-radius:.5rem;border-top-right-radius:.5rem;border-bottom-right-radius:.5rem;border-bottom-left-radius:.5rem}}#gspb_container-id-gsbp-9694f8af-46a1.gspb_container{background-image:radial-gradient(#f9f1e7 21%,#d3c0a8 100%)}#gspb_container-id-gsbp-dacb97d9-7fc6.gspb_container{display:flex;flex-direction:row;flex-wrap:nowrap;justify-content:flex-start;align-content:space-around;align-items:flex-start;margin-bottom:2rem}.gspb_container-id-gsbp-18bc7804-10a4,.gspb_container-id-gsbp-b2bdb61a-d972,.gspb_container-id-gsbp-dacb97d9-7fc6{flex-direction:column;box-sizing:border-box}.gspb_container{position:relative}#gspb_container-id-gsbp-18bc7804-10a4.gspb_container,#gspb_container-id-gsbp-b2bdb61a-d972.gspb_container{display:flex;flex-direction:row;flex-wrap:nowrap;justify-content:flex-start;align-content:stretch;align-items:flex-start;margin-bottom:2rem}.gspb_id-gsbp-3056c77{display:flex}.gspb_id-gsbp-3056c77 .gspb_map-wrapper{width:100%;height:200px;isolation:isolate}","footnotes":""},"class_list":["post-169","page","type-page","status-publish","hentry"],"blocksy_meta":[],"_links":{"self":[{"href":"https:\/\/arganie.net\/pl\/wp-json\/wp\/v2\/pages\/169","targetHints":{"allow":["GET"]}}],"collection":[{"href":"https:\/\/arganie.net\/pl\/wp-json\/wp\/v2\/pages"}],"about":[{"href":"https:\/\/arganie.net\/pl\/wp-json\/wp\/v2\/types\/page"}],"author":[{"embeddable":true,"href":"https:\/\/arganie.net\/pl\/wp-json\/wp\/v2\/users\/1"}],"replies":[{"embeddable":true,"href":"https:\/\/arganie.net\/pl\/wp-json\/wp\/v2\/comments?post=169"}],"version-history":[{"count":39,"href":"https:\/\/arganie.net\/pl\/wp-json\/wp\/v2\/pages\/169\/revisions"}],"predecessor-version":[{"id":694,"href":"https:\/\/arganie.net\/pl\/wp-json\/wp\/v2\/pages\/169\/revisions\/694"}],"wp:attachment":[{"href":"https:\/\/arganie.net\/pl\/wp-json\/wp\/v2\/media?parent=169"}],"curies":[{"name":"wp","href":"https:\/\/api.w.org\/{rel}","templated":true}]}}